{"id":928,"date":"2017-03-06T16:27:50","date_gmt":"2017-03-06T16:27:50","guid":{"rendered":"http:\/\/www.lanochedelloro.es\/?page_id=928"},"modified":"2020-04-03T15:25:27","modified_gmt":"2020-04-03T15:25:27","slug":"oman","status":"publish","type":"page","link":"https:\/\/www.lanochedelloro.es\/index.php\/oman\/","title":{"rendered":"OMAN"},"content":{"rendered":"<p style=\"text-align: center;\">SNAKE CANYON<\/p>\n<ul>\n<li><span lang=\"es-AR\"><a href=\"https:\/\/www.lanochedelloro.es\/wp-content\/uploads\/2019\/03\/snake-canyon.jpg\">Pilares de entrada al ca\u00f1\u00f3n<\/a><br \/>\n<\/span><\/li>\n<li><a href=\"https:\/\/www.lanochedelloro.es\/wp-content\/uploads\/2019\/03\/3-Le-vent-lemporteras-.jpg\">3. Le vent l&#8217;emportera<\/a><\/li>\n<li><a href=\"https:\/\/www.lanochedelloro.es\/wp-content\/uploads\/2019\/03\/5-Shucran-Zammah-s.png\">5. Shucran Zammah<\/a><\/li>\n<li><a href=\"https:\/\/www.lanochedelloro.es\/wp-content\/uploads\/2019\/03\/7-DEUX-TETES-Y-8-LE-SERPENT.jpg\">7. Deux t\u00eates1<\/a><\/li>\n<li><a href=\"https:\/\/www.lanochedelloro.es\/wp-content\/uploads\/2020\/02\/9ColourLines.jpg\">9. Colour line<\/a><\/li>\n<li><a href=\"https:\/\/www.lanochedelloro.es\/wp-content\/uploads\/2019\/03\/10-NO-SLICKS.jpg\">10. No slicks<\/a><\/li>\n<\/ul>\n<p lang=\"es-AR\" align=\"CENTER\">AL HAMRA TOWERS<\/p>\n<p><span lang=\"es-AR\"><a href=\"https:\/\/www.lanochedelloro.es\/wp-content\/uploads\/2019\/03\/al-hamra-torre-estes.jpg\">TORRE ESTE<\/a><br \/>\n<\/span><\/p>\n<ul>\n<li><a href=\"https:\/\/www.lanochedelloro.es\/wp-content\/uploads\/2019\/03\/1-en-attendant-les-lentss.jpg\">1. En attendant les lents<\/a><br \/>\n<a href=\"https:\/\/www.lanochedelloro.es\/wp-content\/uploads\/2019\/03\/2-zizanies.jpg\">2. Zizanie chez les fransaouis<\/a><\/li>\n<li><a href=\"https:\/\/www.lanochedelloro.es\/wp-content\/uploads\/2019\/03\/3-les-becss.jpg\">3. Les becs de gaz pissaient leur flamme au clair de lune<\/a><\/li>\n<li><a href=\"https:\/\/www.lanochedelloro.es\/wp-content\/uploads\/2019\/03\/4-les-melomaness.png\">4. Les melomanes<\/a><\/li>\n<\/ul>\n<p><span lang=\"es-AR\"><a href=\"https:\/\/www.lanochedelloro.es\/wp-content\/uploads\/2019\/03\/al-jhamra-torre-centrals-.jpg\">TORRE CENTRAL<\/a><br \/>\n<\/span><\/p>\n<ul>\n<li><a href=\"https:\/\/www.lanochedelloro.es\/wp-content\/uploads\/2019\/03\/6-destinations.jpg\">6. Destination \u00e0 la mode<\/a><\/li>\n<li><a href=\"https:\/\/www.lanochedelloro.es\/wp-content\/uploads\/2019\/03\/8-la-mamas.jpg\">8. La mama<\/a><\/li>\n<\/ul>\n<p lang=\"es-AR\" align=\"CENTER\">JABAL ASSAIT<\/p>\n<ul>\n<li><a href=\"https:\/\/www.lanochedelloro.es\/wp-content\/uploads\/2019\/03\/mapa.jpg\">Mapa<\/a><\/li>\n<li><a href=\"https:\/\/www.lanochedelloro.es\/wp-content\/uploads\/2019\/03\/asait-djinn-tonic.jpg\">Djinn Tonic<\/a><\/li>\n<li><a href=\"https:\/\/www.lanochedelloro.es\/wp-content\/uploads\/2017\/04\/15asaitOmani.png\">Omani fools <span style=\"color: #333333;\">(Cl\u00e9ment Lannelucq)<\/span><\/a><\/li>\n<\/ul>\n<p lang=\"es-AR\" align=\"CENTER\">WADI TANUF<\/p>\n<ul>\n<li><a href=\"https:\/\/www.lanochedelloro.es\/wp-content\/uploads\/2019\/03\/situacion-vias-1.jpg\">Situaci\u00f3n v\u00edas 1<\/a><\/li>\n<li><a href=\"https:\/\/www.lanochedelloro.es\/wp-content\/uploads\/2019\/03\/situacion-vias-2.jpg\">Situaci\u00f3n v\u00edas 2<\/a><\/li>\n<li><span lang=\"es-AR\"><a href=\"https:\/\/www.lanochedelloro.es\/wp-content\/uploads\/2017\/04\/2waditanufMapa.png\">Mapa <span style=\"color: #333333;\"> (Cl\u00e9ment Lannelucq)<\/span><\/a><\/span><\/li>\n<li><a href=\"https:\/\/www.lanochedelloro.es\/wp-content\/uploads\/2019\/03\/1-fantasia.jpg\">1. Fantasia Trad<\/a><\/li>\n<li><span lang=\"es-AR\"><a href=\"https:\/\/www.lanochedelloro.es\/wp-content\/uploads\/2017\/04\/13tanufOeufs.png\">2. Les oeufs de Tanouf <span style=\"color: #333333;\">(Cl\u00e9ment Lannelucq)<\/span><\/a><\/span><\/li>\n<li><span lang=\"es-AR\"><a href=\"https:\/\/www.lanochedelloro.es\/wp-content\/uploads\/2017\/04\/14tanufOeufsfoto.jpeg\">2. Les oeufs de Tanouf (foto) (<span style=\"color: #333333;\">Cl\u00e9ment Lannelucq)<\/span><\/a><\/span><\/li>\n<li><a href=\"https:\/\/www.lanochedelloro.es\/wp-content\/uploads\/2019\/03\/2-hot-oman.jpg\">3. Hot Oman<\/a><\/li>\n<li><a href=\"https:\/\/www.lanochedelloro.es\/wp-content\/uploads\/2019\/03\/4-oublie.jpg\">4. Oublie Tout<\/a><\/li>\n<li><a href=\"https:\/\/www.lanochedelloro.es\/wp-content\/uploads\/2019\/03\/5-grasse-mat-2.jpg\">5. Grasse Mat \u00e0 Funat<\/a><\/li>\n<li><a href=\"https:\/\/www.lanochedelloro.es\/wp-content\/uploads\/2019\/03\/6-asientos-comodos.jpg\">6. Asientos c\u00f3modos<\/a><\/li>\n<\/ul>\n<p lang=\"es-AR\" align=\"CENTER\">WADI TIWI<\/p>\n<ul>\n<li><a href=\"https:\/\/www.lanochedelloro.es\/wp-content\/uploads\/2019\/03\/mapa-1.jpg\">Mapa 1<\/a><\/li>\n<li><a href=\"https:\/\/www.lanochedelloro.es\/wp-content\/uploads\/2019\/03\/mapa-2.jpg\">Mapa 2<\/a><\/li>\n<\/ul>\n<p lang=\"es-AR\" style=\"text-align: center;\">A PILIER DE SO\u00c9E<\/p>\n<ul>\n<li><a href=\"https:\/\/www.lanochedelloro.es\/wp-content\/uploads\/2019\/03\/A-PILIER-DE-SOEE-situacion-vias-1.jpg\">Situaci\u00f3n v\u00edas 1<\/a><\/li>\n<li><a href=\"https:\/\/www.lanochedelloro.es\/wp-content\/uploads\/2019\/03\/A-pilier-de-soee-situacion-vias-2.jpg\">Situaci\u00f3n v\u00edas 2<\/a><\/li>\n<li><a href=\"https:\/\/www.lanochedelloro.es\/wp-content\/uploads\/2019\/03\/A2-dubai-mission.jpg\">A2 Dubai Mission<\/a><\/li>\n<li><a href=\"https:\/\/www.lanochedelloro.es\/wp-content\/uploads\/2019\/03\/A3-relais-trois.jpg\">A3 Relais \u00e0 Trois<\/a><\/li>\n<li><a href=\"https:\/\/www.lanochedelloro.es\/wp-content\/uploads\/2019\/03\/A4-MULLING-THE-PARADISE.jpg\">A4 Mulling in Paradise<\/a><\/li>\n<li><a href=\"https:\/\/www.lanochedelloro.es\/wp-content\/uploads\/2019\/03\/A6-buscando-al-patron.jpg\">A6 Buscando al patr\u00f3n<\/a><\/li>\n<li><a href=\"https:\/\/www.lanochedelloro.es\/wp-content\/uploads\/2019\/03\/A7-salut-patron.jpg\">A7 Salut Patron<\/a><\/li>\n<li><a href=\"https:\/\/www.lanochedelloro.es\/wp-content\/uploads\/2019\/03\/A8-maamoul.jpg\">A8 Maamoul Power<\/a><\/li>\n<li><a href=\"https:\/\/www.lanochedelloro.es\/wp-content\/uploads\/2019\/03\/A9-glucose.jpg\">A9 Glucose Power<\/a><\/li>\n<\/ul>\n<p lang=\"es-AR\">B SECTOR BANANE ET CITRON<\/p>\n<ul>\n<li><a href=\"https:\/\/www.lanochedelloro.es\/wp-content\/uploads\/2019\/03\/B-banane-citron-situacion-vias-1.jpg\">Situaci\u00f3n v\u00edas 1<\/a><\/li>\n<li><a href=\"https:\/\/www.lanochedelloro.es\/wp-content\/uploads\/2019\/03\/B-SECTOR-BANANE-ET-CITRON-situacion-vias2.jpg\">Situaci\u00f3n v\u00edas 2<\/a><\/li>\n<li><a href=\"https:\/\/www.lanochedelloro.es\/wp-content\/uploads\/2019\/03\/b-banane-et-citron-situacion-vias-3.jpg\">Situaci\u00f3n v\u00edas 3<\/a><\/li>\n<li><a href=\"https:\/\/www.lanochedelloro.es\/wp-content\/uploads\/2019\/03\/B-nbanane-et-citron-situacion-vias-4.jpg\">Situaci\u00f3n v\u00edas 4<\/a><\/li>\n<li><a href=\"https:\/\/www.lanochedelloro.es\/wp-content\/uploads\/2019\/03\/B1-chairs.jpg\">B1 3 \u00be Chairs<\/a><\/li>\n<li><a href=\"https:\/\/www.lanochedelloro.es\/wp-content\/uploads\/2019\/03\/B2-jah.jpg\">B2 JAH<\/a><\/li>\n<li><a href=\"https:\/\/www.lanochedelloro.es\/wp-content\/uploads\/2019\/03\/B3-Donkey-Alarm.jpg\">B3 Donkey Alarm<\/a><\/li>\n<li><a href=\"https:\/\/www.lanochedelloro.es\/wp-content\/uploads\/2019\/03\/B4-bedous-sup.jpg\">B4 B\u00e9dous Sup<\/a><\/li>\n<li><a href=\"https:\/\/www.lanochedelloro.es\/wp-content\/uploads\/2019\/03\/B6-emilou.jpg\">B6 Emilou<\/a><\/li>\n<li><a href=\"https:\/\/www.lanochedelloro.es\/wp-content\/uploads\/2019\/03\/B7-juliette-jauffret.jpg\">B7 Juliette Jauffret<\/a><\/li>\n<li><a href=\"https:\/\/www.lanochedelloro.es\/wp-content\/uploads\/2019\/03\/B8-banane-citron.jpg\">B8 Banane et Citron<\/a><\/li>\n<li><a href=\"https:\/\/www.lanochedelloro.es\/wp-content\/uploads\/2019\/03\/foto-B8a.jpg\">Rapel 1<\/a><\/li>\n<li><a href=\"https:\/\/www.lanochedelloro.es\/wp-content\/uploads\/2019\/03\/foto-B8b.jpg\">Rapel 2<\/a><\/li>\n<li><span lang=\"es-AR\"><a href=\"https:\/\/www.lanochedelloro.es\/wp-content\/uploads\/2017\/04\/5tiwiTafoman.png\">B9 El Tafoman<\/a><\/span> (Cl\u00e9ment Lannelucq)<\/li>\n<li><span lang=\"es-AR\"><a href=\"https:\/\/www.lanochedelloro.es\/wp-content\/uploads\/2017\/04\/6tiwiSnifoni.png\">B10 La snifoni <span style=\"color: #333333;\">(Cl\u00e9ment Lannelucq)<\/span><\/a><\/span><\/li>\n<li><a href=\"https:\/\/www.lanochedelloro.es\/wp-content\/uploads\/2019\/03\/B10-topo-snifonie.jpg\">B10 La snifoni<\/a><\/li>\n<\/ul>\n<p lang=\"es-AR\">C SECTOR TIWI BY NIGHT<\/p>\n<ul>\n<li><a href=\"https:\/\/www.lanochedelloro.es\/wp-content\/uploads\/2019\/03\/c-tiwi-by-night-situacion-vias-1.jpg\">Situaci\u00f3n de las v\u00edas 1<\/a><\/li>\n<li><a href=\"https:\/\/www.lanochedelloro.es\/wp-content\/uploads\/2019\/03\/c-tiwi-by-night-situacion-de-las-vias-2.jpg\">Situaci\u00f3n de las v\u00edas 2<\/a><\/li>\n<li><a href=\"https:\/\/www.lanochedelloro.es\/wp-content\/uploads\/2019\/03\/C1-trri-cofi.jpg\">C1 Trri Cofi<\/a><\/li>\n<li><a href=\"https:\/\/www.lanochedelloro.es\/wp-content\/uploads\/2019\/03\/C2-tiwi-by-night.jpg\">C2 Tiwi by Night<\/a><\/li>\n<li><a href=\"https:\/\/www.lanochedelloro.es\/wp-content\/uploads\/2019\/03\/C3-romani-1.jpg\">C3 Romani-Conti<\/a><\/li>\n<li><a href=\"https:\/\/www.lanochedelloro.es\/wp-content\/uploads\/2019\/03\/C5-en-attendant-allah.jpg\">C5 En attendant Allah<\/a><\/li>\n<\/ul>\n<p lang=\"es-AR\" align=\"CENTER\">WADI FINS<\/p>\n<ul>\n<li><a href=\"https:\/\/www.lanochedelloro.es\/wp-content\/uploads\/2019\/03\/wadi-fins-mapa.jpg\">Mapa<\/a><\/li>\n<li><a href=\"https:\/\/www.lanochedelloro.es\/wp-content\/uploads\/2019\/03\/Wadi-fins-situacion-vias1.jpg\">Situaci\u00f3n de las v\u00edas 1<\/a><\/li>\n<li><a href=\"https:\/\/www.lanochedelloro.es\/wp-content\/uploads\/2019\/03\/WADI-FINS-situacion-vias-2.jpg\">Situaci\u00f3n de las v\u00edas 2<\/a><\/li>\n<li><a href=\"https:\/\/www.lanochedelloro.es\/wp-content\/uploads\/2019\/03\/2-pancreatite-aigue.jpg\">2 Pancr\u00e9atite aigue<\/a><\/li>\n<\/ul>\n<p lang=\"es-AR\" align=\"CENTER\">JABAL GHUL<\/p>\n<ul>\n<li><a href=\"https:\/\/www.lanochedelloro.es\/wp-content\/uploads\/2017\/04\/1JabalghulMapa.png\">Mapa <\/a>(Cl\u00e9ment Lannelucq)<\/li>\n<li><a href=\"https:\/\/www.lanochedelloro.es\/wp-content\/uploads\/2017\/04\/7ghulFresh.png\">Fresh juice mega mix<\/a>(Cl\u00e9ment Lannelucq)<\/li>\n<li><a href=\"https:\/\/www.lanochedelloro.es\/wp-content\/uploads\/2017\/04\/8ghulFreshfoto.jpeg\">Fresh juice mega mix (foto)<\/a> (Cl\u00e9ment Lannelucq)<\/li>\n<li><a href=\"https:\/\/www.lanochedelloro.es\/wp-content\/uploads\/2017\/04\/9ghulCanourgaise.png\">La Canourgaise<\/a>\u00a0(Cl\u00e9ment Lannelucq)<\/li>\n<li><a href=\"https:\/\/www.lanochedelloro.es\/wp-content\/uploads\/2017\/04\/10ghulSamba.png\">La samba des jedi<\/a>\u00a0(Cl\u00e9ment Lannelucq)<\/li>\n<li><a href=\"https:\/\/www.lanochedelloro.es\/wp-content\/uploads\/2017\/04\/11ghulSambafoto.jpeg\">La samba des jedi (foto)<\/a>\u00a0(Cl\u00e9ment Lannelucq)<\/li>\n<li><a href=\"https:\/\/www.lanochedelloro.es\/wp-content\/uploads\/2017\/04\/12ghulTete.png\">T\u00eate \u00e0 queue vertical<\/a>\u00a0(Cl\u00e9ment Lannelucq)<\/li>\n<\/ul>\n<p align=\"CENTER\">JABAL SMET<\/p>\n<ul>\n<li><a href=\"https:\/\/www.lanochedelloro.es\/wp-content\/uploads\/2017\/04\/3smetAu\u00f1a.png\">Au\u00f1a bidea<\/a>\u00a0(Cl\u00e9ment Lannelucq)<\/li>\n<li><a href=\"https:\/\/www.lanochedelloro.es\/wp-content\/uploads\/2017\/04\/4smetAu\u00f1afoto.jpeg\">Au\u00f1a bidea (foto)<\/a>(Cl\u00e9ment Lannelucq)<\/li>\n<\/ul>\n<p align=\"CENTER\">WADI AL-SHAB<\/p>\n<ul>\n<li><a href=\"https:\/\/www.lanochedelloro.es\/wp-content\/uploads\/2017\/04\/16alshabSouslesoleil.png\">Sous le soleil exactement<\/a>\u00a0(Cl\u00e9ment Lannelucq)<\/li>\n<li><a href=\"https:\/\/www.lanochedelloro.es\/wp-content\/uploads\/2017\/04\/17alshabSouslesoleilfoto.jpeg\">Sous le soleil exactement (foto)<\/a>\u00a0(Cl\u00e9ment Lannelucq)<\/li>\n<\/ul>\n<p><span style=\"color: #000000;\"> <span style=\"font-family: Arial, sans-serif;\"><span style=\"font-size: medium;\"><br \/>\n<\/span><\/span><\/span><\/p>\n<p><span style=\"color: #000000;\"><span style=\"font-family: Arial, sans-serif;\"><span style=\"font-size: medium;\">\u00a0<\/span><\/span><\/span><\/p>\n","protected":false},"excerpt":{"rendered":"<p>SNAKE CANYON Pilares de entrada al ca\u00f1\u00f3n 3. Le vent l&#8217;emportera 5. Shucran Zammah 7. Deux t\u00eates1 9. Colour line 10. No slicks AL HAMRA TOWERS TORRE ESTE 1. En attendant les lents 2. Zizanie chez les fransaouis 3. Les becs de gaz pissaient leur flamme au clair de lune 4. Les melomanes TORRE CENTRAL &hellip; <a href=\"https:\/\/www.lanochedelloro.es\/index.php\/oman\/\" class=\"more-link\">Seguir leyendo <span class=\"screen-reader-text\">OMAN<\/span> <span class=\"meta-nav\">&rarr;<\/span><\/a><\/p>\n","protected":false},"author":1,"featured_media":4554,"parent":0,"menu_order":0,"comment_status":"closed","ping_status":"closed","template":"","meta":{"footnotes":""},"class_list":["post-928","page","type-page","status-publish","has-post-thumbnail","hentry"],"_links":{"self":[{"href":"https:\/\/www.lanochedelloro.es\/index.php\/wp-json\/wp\/v2\/pages\/928","targetHints":{"allow":["GET"]}}],"collection":[{"href":"https:\/\/www.lanochedelloro.es\/index.php\/wp-json\/wp\/v2\/pages"}],"about":[{"href":"https:\/\/www.lanochedelloro.es\/index.php\/wp-json\/wp\/v2\/types\/page"}],"author":[{"embeddable":true,"href":"https:\/\/www.lanochedelloro.es\/index.php\/wp-json\/wp\/v2\/users\/1"}],"replies":[{"embeddable":true,"href":"https:\/\/www.lanochedelloro.es\/index.php\/wp-json\/wp\/v2\/comments?post=928"}],"version-history":[{"count":13,"href":"https:\/\/www.lanochedelloro.es\/index.php\/wp-json\/wp\/v2\/pages\/928\/revisions"}],"predecessor-version":[{"id":4847,"href":"https:\/\/www.lanochedelloro.es\/index.php\/wp-json\/wp\/v2\/pages\/928\/revisions\/4847"}],"wp:featuredmedia":[{"embeddable":true,"href":"https:\/\/www.lanochedelloro.es\/index.php\/wp-json\/wp\/v2\/media\/4554"}],"wp:attachment":[{"href":"https:\/\/www.lanochedelloro.es\/index.php\/wp-json\/wp\/v2\/media?parent=928"}],"curies":[{"name":"wp","href":"https:\/\/api.w.org\/{rel}","templated":true}]}}