{"id":649,"date":"2016-12-30T11:20:12","date_gmt":"2016-12-30T11:20:12","guid":{"rendered":"http:\/\/www.lanochedelloro.es\/?page_id=649"},"modified":"2019-12-02T18:44:17","modified_gmt":"2019-12-02T18:44:17","slug":"ajaccio","status":"publish","type":"page","link":"https:\/\/www.lanochedelloro.es\/index.php\/ajaccio\/","title":{"rendered":"AJACCIO"},"content":{"rendered":"<ul>\n<li><a href=\"https:\/\/www.lanochedelloro.es\/wp-content\/uploads\/2017\/03\/1mgozzi1.png\">Monte Gozzi (I)<\/a><\/li>\n<li><a href=\"https:\/\/www.lanochedelloro.es\/wp-content\/uploads\/2017\/03\/2mgozzi2.png\">Monte Gozzi (II)<\/a><\/li>\n<li><a href=\"https:\/\/www.lanochedelloro.es\/wp-content\/uploads\/2017\/03\/3mgozzi3.png\">Monte Gozzi (III)<\/a><\/li>\n<li><a href=\"https:\/\/www.lanochedelloro.es\/wp-content\/uploads\/2017\/03\/4mgozzi4.png\">Monte Gozzi (IV)<\/a><\/li>\n<li><a href=\"https:\/\/www.lanochedelloro.es\/wp-content\/uploads\/2017\/03\/5mgozzi5.png\">Monte Gozzi (V)<\/a><\/li>\n<li><a href=\"https:\/\/www.lanochedelloro.es\/wp-content\/uploads\/2017\/03\/6mgozzi6.png\">Monte Gozzi (VI)<\/a><\/li>\n<li><a href=\"https:\/\/www.lanochedelloro.es\/wp-content\/uploads\/2018\/05\/26gozziPeche.jpeg\">Monte Gozzi: P\u00eache V\u00e9niel<\/a><\/li>\n<li><a href=\"https:\/\/www.lanochedelloro.es\/wp-content\/uploads\/2018\/05\/27gozziPecheFoto.jpg\">Monte Gozzi: P\u00eache V\u00e9niel (foto)<\/a><\/li>\n<li><a href=\"https:\/\/www.lanochedelloro.es\/wp-content\/uploads\/2017\/03\/7rettaMapa.png\">Retta (mapa)<\/a><\/li>\n<li><a href=\"https:\/\/www.lanochedelloro.es\/wp-content\/uploads\/2017\/03\/8retta.png\">Retta <\/a><\/li>\n<\/ul>\n","protected":false},"excerpt":{"rendered":"<p>Monte Gozzi (I) Monte Gozzi (II) Monte Gozzi (III) Monte Gozzi (IV) Monte Gozzi (V) Monte Gozzi (VI) Monte Gozzi: P\u00eache V\u00e9niel Monte Gozzi: P\u00eache V\u00e9niel (foto) Retta (mapa) Retta<\/p>\n","protected":false},"author":1,"featured_media":4489,"parent":0,"menu_order":0,"comment_status":"closed","ping_status":"closed","template":"","meta":{"footnotes":""},"class_list":["post-649","page","type-page","status-publish","has-post-thumbnail","hentry"],"_links":{"self":[{"href":"https:\/\/www.lanochedelloro.es\/index.php\/wp-json\/wp\/v2\/pages\/649","targetHints":{"allow":["GET"]}}],"collection":[{"href":"https:\/\/www.lanochedelloro.es\/index.php\/wp-json\/wp\/v2\/pages"}],"about":[{"href":"https:\/\/www.lanochedelloro.es\/index.php\/wp-json\/wp\/v2\/types\/page"}],"author":[{"embeddable":true,"href":"https:\/\/www.lanochedelloro.es\/index.php\/wp-json\/wp\/v2\/users\/1"}],"replies":[{"embeddable":true,"href":"https:\/\/www.lanochedelloro.es\/index.php\/wp-json\/wp\/v2\/comments?post=649"}],"version-history":[{"count":4,"href":"https:\/\/www.lanochedelloro.es\/index.php\/wp-json\/wp\/v2\/pages\/649\/revisions"}],"predecessor-version":[{"id":3781,"href":"https:\/\/www.lanochedelloro.es\/index.php\/wp-json\/wp\/v2\/pages\/649\/revisions\/3781"}],"wp:featuredmedia":[{"embeddable":true,"href":"https:\/\/www.lanochedelloro.es\/index.php\/wp-json\/wp\/v2\/media\/4489"}],"wp:attachment":[{"href":"https:\/\/www.lanochedelloro.es\/index.php\/wp-json\/wp\/v2\/media?parent=649"}],"curies":[{"name":"wp","href":"https:\/\/api.w.org\/{rel}","templated":true}]}}