{"id":617,"date":"2016-12-30T11:12:33","date_gmt":"2016-12-30T11:12:33","guid":{"rendered":"http:\/\/www.lanochedelloro.es\/?page_id=617"},"modified":"2017-03-17T15:17:12","modified_gmt":"2017-03-17T15:17:12","slug":"pedriza-la","status":"publish","type":"page","link":"https:\/\/www.lanochedelloro.es\/index.php\/pedriza-la\/","title":{"rendered":"PEDRIZA, LA"},"content":{"rendered":"<ul>\n<li><a href=\"https:\/\/www.lanochedelloro.es\/wp-content\/uploads\/2017\/03\/1huesoTito.png\">El Hueso: Tito<\/a><\/li>\n<li><a href=\"https:\/\/www.lanochedelloro.es\/wp-content\/uploads\/2017\/03\/2pajaroJutglar.png\">El P\u00e1jaro: Jordi Jutglar<\/a><\/li>\n<li><a href=\"https:\/\/www.lanochedelloro.es\/wp-content\/uploads\/2017\/03\/3pajaroSur.png\">El P\u00e1jaro: Sur<\/a><\/li>\n<li><a href=\"https:\/\/www.lanochedelloro.es\/wp-content\/uploads\/2017\/03\/4yelmoAltierieclipse.png\">El Yelmo: Esteban Altieri y Eclipse de vela<\/a><\/li>\n<li><a href=\"https:\/\/www.lanochedelloro.es\/wp-content\/uploads\/2017\/03\/5yelmoVarias.png\">El Yelmo: Mobby Dick; Hermosillas y Ara\u00f1as de Marte<\/a><\/li>\n<li><a href=\"https:\/\/www.lanochedelloro.es\/wp-content\/uploads\/2017\/03\/6yelmoIntegral.png\">El Yelmo: Integral Walkiria-Ferroviarios<\/a><\/li>\n<li><a href=\"https:\/\/www.lanochedelloro.es\/wp-content\/uploads\/2017\/03\/7yelmoYansuperga\u00f1.png\">El Yelmo: Yan san po y Superga\u00f1anada<\/a><\/li>\n<\/ul>\n","protected":false},"excerpt":{"rendered":"<p>El Hueso: Tito El P\u00e1jaro: Jordi Jutglar El P\u00e1jaro: Sur El Yelmo: Esteban Altieri y Eclipse de vela El Yelmo: Mobby Dick; Hermosillas y Ara\u00f1as de Marte El Yelmo: Integral Walkiria-Ferroviarios El Yelmo: Yan san po y Superga\u00f1anada<\/p>\n","protected":false},"author":1,"featured_media":0,"parent":0,"menu_order":0,"comment_status":"closed","ping_status":"closed","template":"","meta":{"footnotes":""},"class_list":["post-617","page","type-page","status-publish","hentry"],"_links":{"self":[{"href":"https:\/\/www.lanochedelloro.es\/index.php\/wp-json\/wp\/v2\/pages\/617","targetHints":{"allow":["GET"]}}],"collection":[{"href":"https:\/\/www.lanochedelloro.es\/index.php\/wp-json\/wp\/v2\/pages"}],"about":[{"href":"https:\/\/www.lanochedelloro.es\/index.php\/wp-json\/wp\/v2\/types\/page"}],"author":[{"embeddable":true,"href":"https:\/\/www.lanochedelloro.es\/index.php\/wp-json\/wp\/v2\/users\/1"}],"replies":[{"embeddable":true,"href":"https:\/\/www.lanochedelloro.es\/index.php\/wp-json\/wp\/v2\/comments?post=617"}],"version-history":[{"count":4,"href":"https:\/\/www.lanochedelloro.es\/index.php\/wp-json\/wp\/v2\/pages\/617\/revisions"}],"predecessor-version":[{"id":1697,"href":"https:\/\/www.lanochedelloro.es\/index.php\/wp-json\/wp\/v2\/pages\/617\/revisions\/1697"}],"wp:attachment":[{"href":"https:\/\/www.lanochedelloro.es\/index.php\/wp-json\/wp\/v2\/media?parent=617"}],"curies":[{"name":"wp","href":"https:\/\/api.w.org\/{rel}","templated":true}]}}