{"id":5964,"date":"2025-06-24T08:54:44","date_gmt":"2025-06-24T08:54:44","guid":{"rendered":"https:\/\/www.lanochedelloro.es\/?page_id=5964"},"modified":"2025-06-24T14:24:09","modified_gmt":"2025-06-24T14:24:09","slug":"mauritania-2","status":"publish","type":"page","link":"https:\/\/www.lanochedelloro.es\/index.php\/mauritania-2\/","title":{"rendered":"MAURITANIA"},"content":{"rendered":"<div id='gallery-1' class='gallery galleryid-5964 gallery-columns-4 gallery-size-thumbnail'><figure class='gallery-item'>\n\t\t\t<div class='gallery-icon portrait'>\n\t\t\t\t<a href='https:\/\/www.lanochedelloro.es\/wp-content\/uploads\/2025\/06\/DSC3233.jpg'><img loading=\"lazy\" decoding=\"async\" width=\"150\" height=\"150\" src=\"https:\/\/www.lanochedelloro.es\/wp-content\/uploads\/2025\/06\/DSC3233-150x150.jpg\" class=\"attachment-thumbnail size-thumbnail\" alt=\"\" \/><\/a>\n\t\t\t<\/div><\/figure><figure class='gallery-item'>\n\t\t\t<div class='gallery-icon portrait'>\n\t\t\t\t<a href='https:\/\/www.lanochedelloro.es\/wp-content\/uploads\/2025\/06\/DSC3225.jpg'><img loading=\"lazy\" decoding=\"async\" width=\"150\" height=\"150\" src=\"https:\/\/www.lanochedelloro.es\/wp-content\/uploads\/2025\/06\/DSC3225-150x150.jpg\" class=\"attachment-thumbnail size-thumbnail\" alt=\"\" \/><\/a>\n\t\t\t<\/div><\/figure><figure class='gallery-item'>\n\t\t\t<div class='gallery-icon portrait'>\n\t\t\t\t<a href='https:\/\/www.lanochedelloro.es\/wp-content\/uploads\/2025\/06\/sous-les-jupons-dAicha-5.jpg'><img loading=\"lazy\" decoding=\"async\" width=\"150\" height=\"150\" src=\"https:\/\/www.lanochedelloro.es\/wp-content\/uploads\/2025\/06\/sous-les-jupons-dAicha-5-150x150.jpg\" class=\"attachment-thumbnail size-thumbnail\" alt=\"\" aria-describedby=\"gallery-1-6080\" \/><\/a>\n\t\t\t<\/div>\n\t\t\t\t<figcaption class='wp-caption-text gallery-caption' id='gallery-1-6080'>\n\t\t\t\tsous les jupons d&#8217;A\u00efcha 5\n\t\t\t\t<\/figcaption><\/figure><figure class='gallery-item'>\n\t\t\t<div class='gallery-icon landscape'>\n\t\t\t\t<a href='https:\/\/www.lanochedelloro.es\/wp-content\/uploads\/2025\/06\/sous-les-jupons-dAicha-4.jpeg'><img loading=\"lazy\" decoding=\"async\" width=\"150\" height=\"150\" src=\"https:\/\/www.lanochedelloro.es\/wp-content\/uploads\/2025\/06\/sous-les-jupons-dAicha-4-150x150.jpeg\" class=\"attachment-thumbnail size-thumbnail\" alt=\"\" aria-describedby=\"gallery-1-6079\" \/><\/a>\n\t\t\t<\/div>\n\t\t\t\t<figcaption class='wp-caption-text gallery-caption' id='gallery-1-6079'>\n\t\t\t\tsous les jupons d&#8217;A\u00efcha 4\n\t\t\t\t<\/figcaption><\/figure><figure class='gallery-item'>\n\t\t\t<div class='gallery-icon portrait'>\n\t\t\t\t<a href='https:\/\/www.lanochedelloro.es\/wp-content\/uploads\/2025\/06\/sous-les-jupons-dAicha-3.jpg'><img loading=\"lazy\" decoding=\"async\" width=\"150\" height=\"150\" src=\"https:\/\/www.lanochedelloro.es\/wp-content\/uploads\/2025\/06\/sous-les-jupons-dAicha-3-150x150.jpg\" class=\"attachment-thumbnail size-thumbnail\" alt=\"\" aria-describedby=\"gallery-1-6078\" \/><\/a>\n\t\t\t<\/div>\n\t\t\t\t<figcaption class='wp-caption-text gallery-caption' id='gallery-1-6078'>\n\t\t\t\tsous les jupons d&#8217;A\u00efcha 3\n\t\t\t\t<\/figcaption><\/figure><figure class='gallery-item'>\n\t\t\t<div class='gallery-icon landscape'>\n\t\t\t\t<a href='https:\/\/www.lanochedelloro.es\/wp-content\/uploads\/2025\/06\/sous-les-jupons-dAicha-2.jpg'><img loading=\"lazy\" decoding=\"async\" width=\"150\" height=\"150\" src=\"https:\/\/www.lanochedelloro.es\/wp-content\/uploads\/2025\/06\/sous-les-jupons-dAicha-2-150x150.jpg\" class=\"attachment-thumbnail size-thumbnail\" alt=\"\" aria-describedby=\"gallery-1-6077\" \/><\/a>\n\t\t\t<\/div>\n\t\t\t\t<figcaption class='wp-caption-text gallery-caption' id='gallery-1-6077'>\n\t\t\t\tsous les jupons d&#8217;A\u00efcha 2\n\t\t\t\t<\/figcaption><\/figure><figure class='gallery-item'>\n\t\t\t<div class='gallery-icon landscape'>\n\t\t\t\t<a href='https:\/\/www.lanochedelloro.es\/wp-content\/uploads\/2025\/06\/sous-les-jupons-dAicha-1.jpg'><img loading=\"lazy\" decoding=\"async\" width=\"150\" height=\"150\" src=\"https:\/\/www.lanochedelloro.es\/wp-content\/uploads\/2025\/06\/sous-les-jupons-dAicha-1-150x150.jpg\" class=\"attachment-thumbnail size-thumbnail\" alt=\"\" aria-describedby=\"gallery-1-6076\" \/><\/a>\n\t\t\t<\/div>\n\t\t\t\t<figcaption class='wp-caption-text gallery-caption' id='gallery-1-6076'>\n\t\t\t\tsous les jupons d&#8217;A\u00efcha 1\n\t\t\t\t<\/figcaption><\/figure><figure class='gallery-item'>\n\t\t\t<div class='gallery-icon landscape'>\n\t\t\t\t<a href='https:\/\/www.lanochedelloro.es\/wp-content\/uploads\/2025\/06\/meme-les-chameaux-meurent-de-soif.jpeg'><img loading=\"lazy\" decoding=\"async\" width=\"150\" height=\"150\" src=\"https:\/\/www.lanochedelloro.es\/wp-content\/uploads\/2025\/06\/meme-les-chameaux-meurent-de-soif-150x150.jpeg\" class=\"attachment-thumbnail size-thumbnail\" alt=\"\" aria-describedby=\"gallery-1-6075\" \/><\/a>\n\t\t\t<\/div>\n\t\t\t\t<figcaption class='wp-caption-text gallery-caption' id='gallery-1-6075'>\n\t\t\t\tmeme les chameaux meurent de soif\n\t\t\t\t<\/figcaption><\/figure><figure class='gallery-item'>\n\t\t\t<div class='gallery-icon landscape'>\n\t\t\t\t<a href='https:\/\/www.lanochedelloro.es\/wp-content\/uploads\/2025\/06\/lorigine-du-monde.jpg'><img loading=\"lazy\" decoding=\"async\" width=\"150\" height=\"150\" src=\"https:\/\/www.lanochedelloro.es\/wp-content\/uploads\/2025\/06\/lorigine-du-monde-150x150.jpg\" class=\"attachment-thumbnail size-thumbnail\" alt=\"\" aria-describedby=\"gallery-1-6074\" \/><\/a>\n\t\t\t<\/div>\n\t\t\t\t<figcaption class='wp-caption-text gallery-caption' id='gallery-1-6074'>\n\t\t\t\tl&#8217;origine du monde\n\t\t\t\t<\/figcaption><\/figure><figure class='gallery-item'>\n\t\t\t<div class='gallery-icon landscape'>\n\t\t\t\t<a href='https:\/\/www.lanochedelloro.es\/wp-content\/uploads\/2025\/06\/la-Marmouladah-3.jpg'><img loading=\"lazy\" decoding=\"async\" width=\"150\" height=\"150\" src=\"https:\/\/www.lanochedelloro.es\/wp-content\/uploads\/2025\/06\/la-Marmouladah-3-150x150.jpg\" class=\"attachment-thumbnail size-thumbnail\" alt=\"\" aria-describedby=\"gallery-1-6073\" \/><\/a>\n\t\t\t<\/div>\n\t\t\t\t<figcaption class='wp-caption-text gallery-caption' id='gallery-1-6073'>\n\t\t\t\tla Marmouladah 3\n\t\t\t\t<\/figcaption><\/figure><figure class='gallery-item'>\n\t\t\t<div class='gallery-icon portrait'>\n\t\t\t\t<a href='https:\/\/www.lanochedelloro.es\/wp-content\/uploads\/2025\/06\/la-Marmouladah-2.jpg'><img loading=\"lazy\" decoding=\"async\" width=\"150\" height=\"150\" src=\"https:\/\/www.lanochedelloro.es\/wp-content\/uploads\/2025\/06\/la-Marmouladah-2-150x150.jpg\" class=\"attachment-thumbnail size-thumbnail\" alt=\"\" aria-describedby=\"gallery-1-6072\" \/><\/a>\n\t\t\t<\/div>\n\t\t\t\t<figcaption class='wp-caption-text gallery-caption' id='gallery-1-6072'>\n\t\t\t\tla Marmouladah 2\n\t\t\t\t<\/figcaption><\/figure><figure class='gallery-item'>\n\t\t\t<div class='gallery-icon portrait'>\n\t\t\t\t<a href='https:\/\/www.lanochedelloro.es\/wp-content\/uploads\/2025\/06\/la-Marmouladah-1.jpg'><img loading=\"lazy\" decoding=\"async\" width=\"150\" height=\"150\" src=\"https:\/\/www.lanochedelloro.es\/wp-content\/uploads\/2025\/06\/la-Marmouladah-1-150x150.jpg\" class=\"attachment-thumbnail size-thumbnail\" alt=\"\" aria-describedby=\"gallery-1-6071\" \/><\/a>\n\t\t\t<\/div>\n\t\t\t\t<figcaption class='wp-caption-text gallery-caption' id='gallery-1-6071'>\n\t\t\t\tla Marmouladah 1\n\t\t\t\t<\/figcaption><\/figure><figure class='gallery-item'>\n\t\t\t<div class='gallery-icon landscape'>\n\t\t\t\t<a href='https:\/\/www.lanochedelloro.es\/wp-content\/uploads\/2025\/06\/IMG20240118181952.jpg'><img loading=\"lazy\" decoding=\"async\" width=\"150\" height=\"150\" src=\"https:\/\/www.lanochedelloro.es\/wp-content\/uploads\/2025\/06\/IMG20240118181952-150x150.jpg\" class=\"attachment-thumbnail size-thumbnail\" alt=\"\" \/><\/a>\n\t\t\t<\/div><\/figure><figure class='gallery-item'>\n\t\t\t<div class='gallery-icon portrait'>\n\t\t\t\t<a href='https:\/\/www.lanochedelloro.es\/wp-content\/uploads\/2025\/06\/dyke-vador.jpg'><img loading=\"lazy\" decoding=\"async\" width=\"150\" height=\"150\" src=\"https:\/\/www.lanochedelloro.es\/wp-content\/uploads\/2025\/06\/dyke-vador-150x150.jpg\" class=\"attachment-thumbnail size-thumbnail\" alt=\"\" aria-describedby=\"gallery-1-6069\" \/><\/a>\n\t\t\t<\/div>\n\t\t\t\t<figcaption class='wp-caption-text gallery-caption' id='gallery-1-6069'>\n\t\t\t\tdyke vador\n\t\t\t\t<\/figcaption><\/figure><figure class='gallery-item'>\n\t\t\t<div class='gallery-icon portrait'>\n\t\t\t\t<a href='https:\/\/www.lanochedelloro.es\/wp-content\/uploads\/2025\/06\/DSC02733.jpg'><img loading=\"lazy\" decoding=\"async\" width=\"150\" height=\"150\" src=\"https:\/\/www.lanochedelloro.es\/wp-content\/uploads\/2025\/06\/DSC02733-150x150.jpg\" class=\"attachment-thumbnail size-thumbnail\" alt=\"\" \/><\/a>\n\t\t\t<\/div><\/figure><figure class='gallery-item'>\n\t\t\t<div class='gallery-icon landscape'>\n\t\t\t\t<a href='https:\/\/www.lanochedelloro.es\/wp-content\/uploads\/2025\/06\/DSC3440.jpg'><img loading=\"lazy\" decoding=\"async\" width=\"150\" height=\"150\" src=\"https:\/\/www.lanochedelloro.es\/wp-content\/uploads\/2025\/06\/DSC3440-150x150.jpg\" class=\"attachment-thumbnail size-thumbnail\" alt=\"\" \/><\/a>\n\t\t\t<\/div><\/figure>\n\t\t<\/div>\n\n<p><a href=\"https:\/\/www.lanochedelloro.es\/wp-content\/uploads\/2025\/06\/ArticuloMauritania.pdf\">ARTICULO PDF<\/a> (Luis Alfonso 2024)<\/p>\n<p>Ver Rese\u00f1as tambi\u00e9n en: <a href=\"https:\/\/www.lanochedelloro.es\/index.php\/mauritania\/\">RESE\u00d1AS MUNDO MAURITANIA<\/a><\/p>\n","protected":false},"excerpt":{"rendered":"<p>ARTICULO PDF (Luis Alfonso 2024) Ver Rese\u00f1as tambi\u00e9n en: RESE\u00d1AS MUNDO MAURITANIA<\/p>\n","protected":false},"author":1,"featured_media":6066,"parent":0,"menu_order":0,"comment_status":"closed","ping_status":"closed","template":"","meta":{"footnotes":""},"class_list":["post-5964","page","type-page","status-publish","has-post-thumbnail","hentry"],"_links":{"self":[{"href":"https:\/\/www.lanochedelloro.es\/index.php\/wp-json\/wp\/v2\/pages\/5964","targetHints":{"allow":["GET"]}}],"collection":[{"href":"https:\/\/www.lanochedelloro.es\/index.php\/wp-json\/wp\/v2\/pages"}],"about":[{"href":"https:\/\/www.lanochedelloro.es\/index.php\/wp-json\/wp\/v2\/types\/page"}],"author":[{"embeddable":true,"href":"https:\/\/www.lanochedelloro.es\/index.php\/wp-json\/wp\/v2\/users\/1"}],"replies":[{"embeddable":true,"href":"https:\/\/www.lanochedelloro.es\/index.php\/wp-json\/wp\/v2\/comments?post=5964"}],"version-history":[{"count":2,"href":"https:\/\/www.lanochedelloro.es\/index.php\/wp-json\/wp\/v2\/pages\/5964\/revisions"}],"predecessor-version":[{"id":6082,"href":"https:\/\/www.lanochedelloro.es\/index.php\/wp-json\/wp\/v2\/pages\/5964\/revisions\/6082"}],"wp:featuredmedia":[{"embeddable":true,"href":"https:\/\/www.lanochedelloro.es\/index.php\/wp-json\/wp\/v2\/media\/6066"}],"wp:attachment":[{"href":"https:\/\/www.lanochedelloro.es\/index.php\/wp-json\/wp\/v2\/media?parent=5964"}],"curies":[{"name":"wp","href":"https:\/\/api.w.org\/{rel}","templated":true}]}}