{"id":520,"date":"2016-12-29T17:52:11","date_gmt":"2016-12-29T17:52:11","guid":{"rendered":"http:\/\/www.lanochedelloro.es\/?page_id=520"},"modified":"2019-12-02T18:11:15","modified_gmt":"2019-12-02T18:11:15","slug":"sella","status":"publish","type":"page","link":"https:\/\/www.lanochedelloro.es\/index.php\/sella\/","title":{"rendered":"SELLA"},"content":{"rendered":"<ul>\n<li><a href=\"https:\/\/www.lanochedelloro.es\/wp-content\/uploads\/2017\/03\/1divinoAmorodio.png\">Pe\u00f1\u00f3n Divino: Amor de odio<\/a> (A.Ballart)<\/li>\n<li><a href=\"https:\/\/www.lanochedelloro.es\/wp-content\/uploads\/2017\/03\/2divinoCanal.png\">Pe\u00f1\u00f3n Divino: Directa de la canal<\/a><\/li>\n<li><a href=\"https:\/\/www.lanochedelloro.es\/wp-content\/uploads\/2017\/03\/3divinoPertemba.png\">Pe\u00f1\u00f3n Divino: Espol\u00f3n Pertemba<\/a><\/li>\n<\/ul>\n","protected":false},"excerpt":{"rendered":"<p>Pe\u00f1\u00f3n Divino: Amor de odio (A.Ballart) Pe\u00f1\u00f3n Divino: Directa de la canal Pe\u00f1\u00f3n Divino: Espol\u00f3n Pertemba<\/p>\n","protected":false},"author":1,"featured_media":4462,"parent":0,"menu_order":0,"comment_status":"closed","ping_status":"closed","template":"","meta":{"footnotes":""},"class_list":["post-520","page","type-page","status-publish","has-post-thumbnail","hentry"],"_links":{"self":[{"href":"https:\/\/www.lanochedelloro.es\/index.php\/wp-json\/wp\/v2\/pages\/520","targetHints":{"allow":["GET"]}}],"collection":[{"href":"https:\/\/www.lanochedelloro.es\/index.php\/wp-json\/wp\/v2\/pages"}],"about":[{"href":"https:\/\/www.lanochedelloro.es\/index.php\/wp-json\/wp\/v2\/types\/page"}],"author":[{"embeddable":true,"href":"https:\/\/www.lanochedelloro.es\/index.php\/wp-json\/wp\/v2\/users\/1"}],"replies":[{"embeddable":true,"href":"https:\/\/www.lanochedelloro.es\/index.php\/wp-json\/wp\/v2\/comments?post=520"}],"version-history":[{"count":3,"href":"https:\/\/www.lanochedelloro.es\/index.php\/wp-json\/wp\/v2\/pages\/520\/revisions"}],"predecessor-version":[{"id":1447,"href":"https:\/\/www.lanochedelloro.es\/index.php\/wp-json\/wp\/v2\/pages\/520\/revisions\/1447"}],"wp:featuredmedia":[{"embeddable":true,"href":"https:\/\/www.lanochedelloro.es\/index.php\/wp-json\/wp\/v2\/media\/4462"}],"wp:attachment":[{"href":"https:\/\/www.lanochedelloro.es\/index.php\/wp-json\/wp\/v2\/media?parent=520"}],"curies":[{"name":"wp","href":"https:\/\/api.w.org\/{rel}","templated":true}]}}