{"id":506,"date":"2016-12-29T17:51:00","date_gmt":"2016-12-29T17:51:00","guid":{"rendered":"http:\/\/www.lanochedelloro.es\/?page_id=506"},"modified":"2019-12-02T18:04:08","modified_gmt":"2019-12-02T18:04:08","slug":"cabesso-dor","status":"publish","type":"page","link":"https:\/\/www.lanochedelloro.es\/index.php\/cabesso-dor\/","title":{"rendered":"CABESS\u00d3 D&#8217;OR"},"content":{"rendered":"<ul>\n<li><a href=\"https:\/\/www.lanochedelloro.es\/wp-content\/uploads\/2018\/05\/1cabecoDonvolar.jpeg\">Cabess\u00f3 d&#8217;or: El don de volar<\/a><\/li>\n<li><a href=\"https:\/\/www.lanochedelloro.es\/wp-content\/uploads\/2017\/03\/1busotDeseo.png\">Front\u00f3n de Busot: Deseo implacable <\/a>(A.Ballart)<\/li>\n<li><a href=\"https:\/\/www.lanochedelloro.es\/wp-content\/uploads\/2017\/03\/2busotVientos.png\">Front\u00f3n de Busot: Vientos de levante<\/a> (X.Cullell)<\/li>\n<li><a href=\"https:\/\/www.lanochedelloro.es\/wp-content\/uploads\/2017\/03\/3alcoyanosCum.png\">Pared\u00f3n de los Alcoyanos: Cum laude<\/a> (M.Bernabeu)<\/li>\n<li><a href=\"https:\/\/www.lanochedelloro.es\/wp-content\/uploads\/2018\/05\/2cabecoSombra.jpeg\">Pared\u00f3n de los Alcoyanos: La sombra del sol<\/a><\/li>\n<li><a href=\"https:\/\/www.lanochedelloro.es\/wp-content\/uploads\/2018\/05\/3cabecoSombraFoto.jpg\">Pared\u00f3n de los Alcoyanos: La sombra del sol (foto)<\/a><\/li>\n<\/ul>\n","protected":false},"excerpt":{"rendered":"<p>Cabess\u00f3 d&#8217;or: El don de volar Front\u00f3n de Busot: Deseo implacable (A.Ballart) Front\u00f3n de Busot: Vientos de levante (X.Cullell) Pared\u00f3n de los Alcoyanos: Cum laude (M.Bernabeu) Pared\u00f3n de los Alcoyanos: La sombra del sol Pared\u00f3n de los Alcoyanos: La sombra del sol (foto)<\/p>\n","protected":false},"author":1,"featured_media":4457,"parent":0,"menu_order":0,"comment_status":"closed","ping_status":"closed","template":"","meta":{"footnotes":""},"class_list":["post-506","page","type-page","status-publish","has-post-thumbnail","hentry"],"_links":{"self":[{"href":"https:\/\/www.lanochedelloro.es\/index.php\/wp-json\/wp\/v2\/pages\/506","targetHints":{"allow":["GET"]}}],"collection":[{"href":"https:\/\/www.lanochedelloro.es\/index.php\/wp-json\/wp\/v2\/pages"}],"about":[{"href":"https:\/\/www.lanochedelloro.es\/index.php\/wp-json\/wp\/v2\/types\/page"}],"author":[{"embeddable":true,"href":"https:\/\/www.lanochedelloro.es\/index.php\/wp-json\/wp\/v2\/users\/1"}],"replies":[{"embeddable":true,"href":"https:\/\/www.lanochedelloro.es\/index.php\/wp-json\/wp\/v2\/comments?post=506"}],"version-history":[{"count":5,"href":"https:\/\/www.lanochedelloro.es\/index.php\/wp-json\/wp\/v2\/pages\/506\/revisions"}],"predecessor-version":[{"id":3740,"href":"https:\/\/www.lanochedelloro.es\/index.php\/wp-json\/wp\/v2\/pages\/506\/revisions\/3740"}],"wp:featuredmedia":[{"embeddable":true,"href":"https:\/\/www.lanochedelloro.es\/index.php\/wp-json\/wp\/v2\/media\/4457"}],"wp:attachment":[{"href":"https:\/\/www.lanochedelloro.es\/index.php\/wp-json\/wp\/v2\/media?parent=506"}],"curies":[{"name":"wp","href":"https:\/\/api.w.org\/{rel}","templated":true}]}}