{"id":4895,"date":"2020-04-03T16:57:39","date_gmt":"2020-04-03T16:57:39","guid":{"rendered":"http:\/\/www.lanochedelloro.es\/?page_id=4895"},"modified":"2020-04-03T16:59:48","modified_gmt":"2020-04-03T16:59:48","slug":"oman-ii-2","status":"publish","type":"page","link":"https:\/\/www.lanochedelloro.es\/index.php\/oman-ii-2\/","title":{"rendered":"OM\u00c1N II"},"content":{"rendered":"<p><a href=\"https:\/\/www.lanochedelloro.es\/wp-content\/uploads\/2020\/04\/OMA\u0301N-II.pdf\">ART\u00cdCULO PDF. DATOS PR\u00c1CTICOS Y RESE\u00d1AS<\/a> (Luis Alfonso 2020)<\/p>\n<p>Ver Rese\u00f1as tambi\u00e9n en: <a href=\"https:\/\/www.lanochedelloro.es\/index.php\/oman-ii\/\">RESE\u00d1AS MUNDO OM\u00c1N II<\/a><\/p>\n<div id='gallery-1' class='gallery galleryid-4895 gallery-columns-3 gallery-size-thumbnail'><figure class='gallery-item'>\n\t\t\t<div class='gallery-icon portrait'>\n\t\t\t\t<a href='https:\/\/www.lanochedelloro.es\/wp-content\/uploads\/2020\/04\/Streevani-2.jpg'><img loading=\"lazy\" decoding=\"async\" width=\"150\" height=\"150\" src=\"https:\/\/www.lanochedelloro.es\/wp-content\/uploads\/2020\/04\/Streevani-2-150x150.jpg\" class=\"attachment-thumbnail size-thumbnail\" alt=\"\" aria-describedby=\"gallery-1-4913\" \/><\/a>\n\t\t\t<\/div>\n\t\t\t\t<figcaption class='wp-caption-text gallery-caption' id='gallery-1-4913'>\n\t\t\t\tStreevani\n\t\t\t\t<\/figcaption><\/figure><figure class='gallery-item'>\n\t\t\t<div class='gallery-icon portrait'>\n\t\t\t\t<a href='https:\/\/www.lanochedelloro.es\/wp-content\/uploads\/2020\/04\/Streevani-1.jpg'><img loading=\"lazy\" decoding=\"async\" width=\"150\" height=\"150\" src=\"https:\/\/www.lanochedelloro.es\/wp-content\/uploads\/2020\/04\/Streevani-1-150x150.jpg\" class=\"attachment-thumbnail size-thumbnail\" alt=\"\" aria-describedby=\"gallery-1-4912\" \/><\/a>\n\t\t\t<\/div>\n\t\t\t\t<figcaption class='wp-caption-text gallery-caption' id='gallery-1-4912'>\n\t\t\t\tStreevani\n\t\t\t\t<\/figcaption><\/figure><figure class='gallery-item'>\n\t\t\t<div class='gallery-icon portrait'>\n\t\t\t\t<a href='https:\/\/www.lanochedelloro.es\/wp-content\/uploads\/2020\/04\/Wadi-Tiwi-3.jpg'><img loading=\"lazy\" decoding=\"async\" width=\"150\" height=\"150\" src=\"https:\/\/www.lanochedelloro.es\/wp-content\/uploads\/2020\/04\/Wadi-Tiwi-3-150x150.jpg\" class=\"attachment-thumbnail size-thumbnail\" alt=\"\" aria-describedby=\"gallery-1-4911\" \/><\/a>\n\t\t\t<\/div>\n\t\t\t\t<figcaption class='wp-caption-text gallery-caption' id='gallery-1-4911'>\n\t\t\t\tWadi Tiwi\n\t\t\t\t<\/figcaption><\/figure><figure class='gallery-item'>\n\t\t\t<div class='gallery-icon portrait'>\n\t\t\t\t<a href='https:\/\/www.lanochedelloro.es\/wp-content\/uploads\/2020\/04\/Wadi-Tiwi-1.jpg'><img loading=\"lazy\" decoding=\"async\" width=\"150\" height=\"150\" src=\"https:\/\/www.lanochedelloro.es\/wp-content\/uploads\/2020\/04\/Wadi-Tiwi-1-150x150.jpg\" class=\"attachment-thumbnail size-thumbnail\" alt=\"\" aria-describedby=\"gallery-1-4910\" \/><\/a>\n\t\t\t<\/div>\n\t\t\t\t<figcaption class='wp-caption-text gallery-caption' id='gallery-1-4910'>\n\t\t\t\tWadi Tiwi\n\t\t\t\t<\/figcaption><\/figure><figure class='gallery-item'>\n\t\t\t<div class='gallery-icon landscape'>\n\t\t\t\t<a href='https:\/\/www.lanochedelloro.es\/wp-content\/uploads\/2020\/04\/Wadi-mazraa.jpg'><img loading=\"lazy\" decoding=\"async\" width=\"150\" height=\"150\" src=\"https:\/\/www.lanochedelloro.es\/wp-content\/uploads\/2020\/04\/Wadi-mazraa-150x150.jpg\" class=\"attachment-thumbnail size-thumbnail\" alt=\"\" aria-describedby=\"gallery-1-4909\" \/><\/a>\n\t\t\t<\/div>\n\t\t\t\t<figcaption class='wp-caption-text gallery-caption' id='gallery-1-4909'>\n\t\t\t\tWadi Mazraa\n\t\t\t\t<\/figcaption><\/figure><figure class='gallery-item'>\n\t\t\t<div class='gallery-icon landscape'>\n\t\t\t\t<a href='https:\/\/www.lanochedelloro.es\/wp-content\/uploads\/2020\/04\/Three-holes-dihedral-3.jpg'><img loading=\"lazy\" decoding=\"async\" width=\"150\" height=\"150\" src=\"https:\/\/www.lanochedelloro.es\/wp-content\/uploads\/2020\/04\/Three-holes-dihedral-3-150x150.jpg\" class=\"attachment-thumbnail size-thumbnail\" alt=\"\" aria-describedby=\"gallery-1-4908\" \/><\/a>\n\t\t\t<\/div>\n\t\t\t\t<figcaption class='wp-caption-text gallery-caption' id='gallery-1-4908'>\n\t\t\t\tThree holes dihedral\n\t\t\t\t<\/figcaption><\/figure><figure class='gallery-item'>\n\t\t\t<div class='gallery-icon landscape'>\n\t\t\t\t<a href='https:\/\/www.lanochedelloro.es\/wp-content\/uploads\/2020\/04\/Three-holes-dihedral-2.jpg'><img loading=\"lazy\" decoding=\"async\" width=\"150\" height=\"150\" src=\"https:\/\/www.lanochedelloro.es\/wp-content\/uploads\/2020\/04\/Three-holes-dihedral-2-150x150.jpg\" class=\"attachment-thumbnail size-thumbnail\" alt=\"\" aria-describedby=\"gallery-1-4907\" \/><\/a>\n\t\t\t<\/div>\n\t\t\t\t<figcaption class='wp-caption-text gallery-caption' id='gallery-1-4907'>\n\t\t\t\tThree holes dihedral\n\t\t\t\t<\/figcaption><\/figure><figure class='gallery-item'>\n\t\t\t<div class='gallery-icon landscape'>\n\t\t\t\t<a href='https:\/\/www.lanochedelloro.es\/wp-content\/uploads\/2020\/04\/Three-holes-dihedral-1.jpg'><img loading=\"lazy\" decoding=\"async\" width=\"150\" height=\"150\" src=\"https:\/\/www.lanochedelloro.es\/wp-content\/uploads\/2020\/04\/Three-holes-dihedral-1-150x150.jpg\" class=\"attachment-thumbnail size-thumbnail\" alt=\"\" aria-describedby=\"gallery-1-4906\" \/><\/a>\n\t\t\t<\/div>\n\t\t\t\t<figcaption class='wp-caption-text gallery-caption' id='gallery-1-4906'>\n\t\t\t\tThree holes dihedral\n\t\t\t\t<\/figcaption><\/figure><figure class='gallery-item'>\n\t\t\t<div class='gallery-icon portrait'>\n\t\t\t\t<a href='https:\/\/www.lanochedelloro.es\/wp-content\/uploads\/2020\/04\/Fascinaci\u00f3nMorbosa-5.jpg'><img loading=\"lazy\" decoding=\"async\" width=\"150\" height=\"150\" src=\"https:\/\/www.lanochedelloro.es\/wp-content\/uploads\/2020\/04\/Fascinaci\u00f3nMorbosa-5-150x150.jpg\" class=\"attachment-thumbnail size-thumbnail\" alt=\"\" aria-describedby=\"gallery-1-4904\" \/><\/a>\n\t\t\t<\/div>\n\t\t\t\t<figcaption class='wp-caption-text gallery-caption' id='gallery-1-4904'>\n\t\t\t\tFascinaci\u00f3n morbosa\n\t\t\t\t<\/figcaption><\/figure><figure class='gallery-item'>\n\t\t\t<div class='gallery-icon portrait'>\n\t\t\t\t<a href='https:\/\/www.lanochedelloro.es\/wp-content\/uploads\/2020\/04\/Fascinaci\u00f3nMorbosa-4.jpg'><img loading=\"lazy\" decoding=\"async\" width=\"150\" height=\"150\" src=\"https:\/\/www.lanochedelloro.es\/wp-content\/uploads\/2020\/04\/Fascinaci\u00f3nMorbosa-4-150x150.jpg\" class=\"attachment-thumbnail size-thumbnail\" alt=\"\" aria-describedby=\"gallery-1-4903\" \/><\/a>\n\t\t\t<\/div>\n\t\t\t\t<figcaption class='wp-caption-text gallery-caption' id='gallery-1-4903'>\n\t\t\t\tFascinaci\u00f3n morbosa\n\t\t\t\t<\/figcaption><\/figure><figure class='gallery-item'>\n\t\t\t<div class='gallery-icon landscape'>\n\t\t\t\t<a href='https:\/\/www.lanochedelloro.es\/wp-content\/uploads\/2020\/04\/Fascinaci\u00f3nMorbosa-3.jpg'><img loading=\"lazy\" decoding=\"async\" width=\"150\" height=\"150\" src=\"https:\/\/www.lanochedelloro.es\/wp-content\/uploads\/2020\/04\/Fascinaci\u00f3nMorbosa-3-150x150.jpg\" class=\"attachment-thumbnail size-thumbnail\" alt=\"\" aria-describedby=\"gallery-1-4902\" \/><\/a>\n\t\t\t<\/div>\n\t\t\t\t<figcaption class='wp-caption-text gallery-caption' id='gallery-1-4902'>\n\t\t\t\tFascinaci\u00f3n morbosa\n\t\t\t\t<\/figcaption><\/figure><figure class='gallery-item'>\n\t\t\t<div class='gallery-icon portrait'>\n\t\t\t\t<a href='https:\/\/www.lanochedelloro.es\/wp-content\/uploads\/2020\/04\/Fascinaci\u00f3nMorbosa-2.jpg'><img loading=\"lazy\" decoding=\"async\" width=\"150\" height=\"150\" src=\"https:\/\/www.lanochedelloro.es\/wp-content\/uploads\/2020\/04\/Fascinaci\u00f3nMorbosa-2-150x150.jpg\" class=\"attachment-thumbnail size-thumbnail\" alt=\"\" aria-describedby=\"gallery-1-4901\" \/><\/a>\n\t\t\t<\/div>\n\t\t\t\t<figcaption class='wp-caption-text gallery-caption' id='gallery-1-4901'>\n\t\t\t\tFascinaci\u00f3n morbosa\n\t\t\t\t<\/figcaption><\/figure><figure class='gallery-item'>\n\t\t\t<div class='gallery-icon portrait'>\n\t\t\t\t<a href='https:\/\/www.lanochedelloro.es\/wp-content\/uploads\/2020\/04\/Fascinaci\u00f3nMorbosa-1.jpg'><img loading=\"lazy\" decoding=\"async\" width=\"150\" height=\"150\" src=\"https:\/\/www.lanochedelloro.es\/wp-content\/uploads\/2020\/04\/Fascinaci\u00f3nMorbosa-1-150x150.jpg\" class=\"attachment-thumbnail size-thumbnail\" alt=\"\" aria-describedby=\"gallery-1-4900\" \/><\/a>\n\t\t\t<\/div>\n\t\t\t\t<figcaption class='wp-caption-text gallery-caption' id='gallery-1-4900'>\n\t\t\t\tFascinaci\u00f3n morbosa\n\t\t\t\t<\/figcaption><\/figure><figure class='gallery-item'>\n\t\t\t<div class='gallery-icon portrait'>\n\t\t\t\t<a href='https:\/\/www.lanochedelloro.es\/wp-content\/uploads\/2020\/04\/DSC01847s.jpg'><img loading=\"lazy\" decoding=\"async\" width=\"150\" height=\"150\" src=\"https:\/\/www.lanochedelloro.es\/wp-content\/uploads\/2020\/04\/DSC01847s-150x150.jpg\" class=\"attachment-thumbnail size-thumbnail\" alt=\"\" \/><\/a>\n\t\t\t<\/div><\/figure><figure class='gallery-item'>\n\t\t\t<div class='gallery-icon portrait'>\n\t\t\t\t<a href='https:\/\/www.lanochedelloro.es\/wp-content\/uploads\/2020\/04\/DSC01822s.jpg'><img loading=\"lazy\" decoding=\"async\" width=\"150\" height=\"150\" src=\"https:\/\/www.lanochedelloro.es\/wp-content\/uploads\/2020\/04\/DSC01822s-150x150.jpg\" class=\"attachment-thumbnail size-thumbnail\" alt=\"\" \/><\/a>\n\t\t\t<\/div><\/figure><figure class='gallery-item'>\n\t\t\t<div class='gallery-icon portrait'>\n\t\t\t\t<a href='https:\/\/www.lanochedelloro.es\/wp-content\/uploads\/2020\/04\/2000-2.jpg'><img loading=\"lazy\" decoding=\"async\" width=\"150\" height=\"150\" src=\"https:\/\/www.lanochedelloro.es\/wp-content\/uploads\/2020\/04\/2000-2-150x150.jpg\" class=\"attachment-thumbnail size-thumbnail\" alt=\"\" aria-describedby=\"gallery-1-4897\" \/><\/a>\n\t\t\t<\/div>\n\t\t\t\t<figcaption class='wp-caption-text gallery-caption' id='gallery-1-4897'>\n\t\t\t\t2000\n\t\t\t\t<\/figcaption><\/figure><figure class='gallery-item'>\n\t\t\t<div class='gallery-icon landscape'>\n\t\t\t\t<a href='https:\/\/www.lanochedelloro.es\/wp-content\/uploads\/2020\/04\/2000-1.jpg'><img loading=\"lazy\" decoding=\"async\" width=\"150\" height=\"150\" src=\"https:\/\/www.lanochedelloro.es\/wp-content\/uploads\/2020\/04\/2000-1-150x150.jpg\" class=\"attachment-thumbnail size-thumbnail\" alt=\"\" aria-describedby=\"gallery-1-4896\" \/><\/a>\n\t\t\t<\/div>\n\t\t\t\t<figcaption class='wp-caption-text gallery-caption' id='gallery-1-4896'>\n\t\t\t\t2000\n\t\t\t\t<\/figcaption><\/figure>\n\t\t<\/div>\n\n","protected":false},"excerpt":{"rendered":"<p>ART\u00cdCULO PDF. DATOS PR\u00c1CTICOS Y RESE\u00d1AS (Luis Alfonso 2020) Ver Rese\u00f1as tambi\u00e9n en: RESE\u00d1AS MUNDO OM\u00c1N II<\/p>\n","protected":false},"author":1,"featured_media":4905,"parent":0,"menu_order":0,"comment_status":"closed","ping_status":"closed","template":"","meta":{"footnotes":""},"class_list":["post-4895","page","type-page","status-publish","has-post-thumbnail","hentry"],"_links":{"self":[{"href":"https:\/\/www.lanochedelloro.es\/index.php\/wp-json\/wp\/v2\/pages\/4895","targetHints":{"allow":["GET"]}}],"collection":[{"href":"https:\/\/www.lanochedelloro.es\/index.php\/wp-json\/wp\/v2\/pages"}],"about":[{"href":"https:\/\/www.lanochedelloro.es\/index.php\/wp-json\/wp\/v2\/types\/page"}],"author":[{"embeddable":true,"href":"https:\/\/www.lanochedelloro.es\/index.php\/wp-json\/wp\/v2\/users\/1"}],"replies":[{"embeddable":true,"href":"https:\/\/www.lanochedelloro.es\/index.php\/wp-json\/wp\/v2\/comments?post=4895"}],"version-history":[{"count":2,"href":"https:\/\/www.lanochedelloro.es\/index.php\/wp-json\/wp\/v2\/pages\/4895\/revisions"}],"predecessor-version":[{"id":4916,"href":"https:\/\/www.lanochedelloro.es\/index.php\/wp-json\/wp\/v2\/pages\/4895\/revisions\/4916"}],"wp:featuredmedia":[{"embeddable":true,"href":"https:\/\/www.lanochedelloro.es\/index.php\/wp-json\/wp\/v2\/media\/4905"}],"wp:attachment":[{"href":"https:\/\/www.lanochedelloro.es\/index.php\/wp-json\/wp\/v2\/media?parent=4895"}],"curies":[{"name":"wp","href":"https:\/\/api.w.org\/{rel}","templated":true}]}}