{"id":453,"date":"2016-12-29T17:39:45","date_gmt":"2016-12-29T17:39:45","guid":{"rendered":"http:\/\/www.lanochedelloro.es\/?page_id=453"},"modified":"2019-12-02T19:08:45","modified_gmt":"2019-12-02T19:08:45","slug":"santa-ana","status":"publish","type":"page","link":"https:\/\/www.lanochedelloro.es\/index.php\/santa-ana\/","title":{"rendered":"SANTA ANA"},"content":{"rendered":"<ul>\n<li><a href=\"https:\/\/www.lanochedelloro.es\/wp-content\/uploads\/2017\/03\/1esperoJefe.png\">Esper\u00f3 de santa Ana: El jefe de santa Ana<\/a><\/li>\n<li><a href=\"https:\/\/www.lanochedelloro.es\/wp-content\/uploads\/2017\/03\/2cantalAbril.png\">Lo Cantal Gros: A l\u2019Abril aig\u00fces mil<\/a><\/li>\n<li><a href=\"https:\/\/www.lanochedelloro.es\/wp-content\/uploads\/2017\/03\/3cantalSollao.png\">Lo Cantal Gros: Canal del sollao rut<\/a><\/li>\n<li><a href=\"https:\/\/www.lanochedelloro.es\/wp-content\/uploads\/2017\/03\/4cantalKarton.png\">Lo Cantal Gros: Kara karton<\/a><\/li>\n<li><a href=\"https:\/\/www.lanochedelloro.es\/wp-content\/uploads\/2017\/03\/5carreteraK30.png\">Pared de la Carretera: Integral k-30<\/a><\/li>\n<li><a href=\"https:\/\/www.lanochedelloro.es\/wp-content\/uploads\/2017\/03\/6carreteraRosello.png\">Pared de la Carretera: Rosell\u00f3 y El cam\u00ed del guerrer pac\u00edfic<\/a><\/li>\n<li><a href=\"https:\/\/www.lanochedelloro.es\/wp-content\/uploads\/2017\/03\/7primeragullaPopeye.png\">Primera Agulla de santa Ana: Popeye<\/a><\/li>\n<li><a href=\"https:\/\/www.lanochedelloro.es\/wp-content\/uploads\/2017\/03\/8exploradors.png\">Sector Exploradors<\/a><\/li>\n<\/ul>\n","protected":false},"excerpt":{"rendered":"<p>Esper\u00f3 de santa Ana: El jefe de santa Ana Lo Cantal Gros: A l\u2019Abril aig\u00fces mil Lo Cantal Gros: Canal del sollao rut Lo Cantal Gros: Kara karton Pared de la Carretera: Integral k-30 Pared de la Carretera: Rosell\u00f3 y El cam\u00ed del guerrer pac\u00edfic Primera Agulla de santa Ana: Popeye Sector Exploradors<\/p>\n","protected":false},"author":1,"featured_media":4503,"parent":0,"menu_order":0,"comment_status":"closed","ping_status":"closed","template":"","meta":{"footnotes":""},"class_list":["post-453","page","type-page","status-publish","has-post-thumbnail","hentry"],"_links":{"self":[{"href":"https:\/\/www.lanochedelloro.es\/index.php\/wp-json\/wp\/v2\/pages\/453","targetHints":{"allow":["GET"]}}],"collection":[{"href":"https:\/\/www.lanochedelloro.es\/index.php\/wp-json\/wp\/v2\/pages"}],"about":[{"href":"https:\/\/www.lanochedelloro.es\/index.php\/wp-json\/wp\/v2\/types\/page"}],"author":[{"embeddable":true,"href":"https:\/\/www.lanochedelloro.es\/index.php\/wp-json\/wp\/v2\/users\/1"}],"replies":[{"embeddable":true,"href":"https:\/\/www.lanochedelloro.es\/index.php\/wp-json\/wp\/v2\/comments?post=453"}],"version-history":[{"count":4,"href":"https:\/\/www.lanochedelloro.es\/index.php\/wp-json\/wp\/v2\/pages\/453\/revisions"}],"predecessor-version":[{"id":1273,"href":"https:\/\/www.lanochedelloro.es\/index.php\/wp-json\/wp\/v2\/pages\/453\/revisions\/1273"}],"wp:featuredmedia":[{"embeddable":true,"href":"https:\/\/www.lanochedelloro.es\/index.php\/wp-json\/wp\/v2\/media\/4503"}],"wp:attachment":[{"href":"https:\/\/www.lanochedelloro.es\/index.php\/wp-json\/wp\/v2\/media?parent=453"}],"curies":[{"name":"wp","href":"https:\/\/api.w.org\/{rel}","templated":true}]}}