{"id":451,"date":"2016-12-29T17:39:36","date_gmt":"2016-12-29T17:39:36","guid":{"rendered":"http:\/\/www.lanochedelloro.es\/?page_id=451"},"modified":"2022-08-11T17:41:16","modified_gmt":"2022-08-11T17:41:16","slug":"riglos","status":"publish","type":"page","link":"https:\/\/www.lanochedelloro.es\/index.php\/riglos\/","title":{"rendered":"RIGLOS"},"content":{"rendered":"<ul>\n<li><a href=\"https:\/\/www.lanochedelloro.es\/wp-content\/uploads\/2017\/03\/1rojaLucia.png\">Aguja Roja: Luc\u00eda<\/a><\/li>\n<li><a href=\"https:\/\/www.lanochedelloro.es\/wp-content\/uploads\/2017\/03\/2rojaSureste.png\">Aguja Roja: Sureste<\/a><\/li>\n<li><a href=\"https:\/\/www.lanochedelloro.es\/wp-content\/uploads\/2017\/03\/3rojaVillarig.png\">Aguja Roja: Villarig<\/a><\/li>\n<li><a href=\"https:\/\/www.lanochedelloro.es\/wp-content\/uploads\/2017\/03\/4bordillospuro.png\">Bordillos del Puro<\/a><\/li>\n<li><a href=\"https:\/\/www.lanochedelloro.es\/wp-content\/uploads\/2018\/06\/1bulevarLady.jpeg\">El Bulevar de los Sue\u00f1os Rotos: Espol\u00f3n lady Fly<\/a><\/li>\n<li><a href=\"https:\/\/www.lanochedelloro.es\/wp-content\/uploads\/2018\/06\/2bulevarLadyFoto.jpg\">El Bulevar de los Sue\u00f1os Rotos:Espol\u00f3n lady Fly (foto)<\/a><\/li>\n<li><a href=\"https:\/\/www.lanochedelloro.es\/wp-content\/uploads\/2017\/03\/5bulevarSietune.png\">El Bulevar de los Sue\u00f1os Rotos: Sietune y Espol\u00f3n lady Fly <\/a>(Diaples)<\/li>\n<li><a href=\"https:\/\/www.lanochedelloro.es\/wp-content\/uploads\/2017\/03\/6puroNorte.png\">El Puro: Cara Norte<\/a><\/li>\n<li><a href=\"https:\/\/www.lanochedelloro.es\/wp-content\/uploads\/2018\/06\/8viseraQuinta.jpg\">La Visera: Quinta chimenea<\/a><\/li>\n<li><a href=\"https:\/\/www.lanochedelloro.es\/wp-content\/uploads\/2017\/03\/7volaosGotanoia.png\">Los Volaos: Gotanoia<\/a><\/li>\n<li><a href=\"https:\/\/www.lanochedelloro.es\/wp-content\/uploads\/2017\/03\/8pisonAdamelo.png\">Macizo del Pis\u00f3n: Espol\u00f3n del Adamelo<\/a><\/li>\n<li><a href=\"https:\/\/www.lanochedelloro.es\/wp-content\/uploads\/2022\/08\/1RiglosFraguas.jpg\">Macizo del Pis\u00f3n: Fuertes-Frag\u00fcas (rese\u00f1a)<\/a>\u00a0 <a href=\"https:\/\/www.lanochedelloro.es\/wp-content\/uploads\/2022\/08\/2RiglosFraguasFoto.jpg\">(foto)<\/a><\/li>\n<li><a href=\"https:\/\/www.lanochedelloro.es\/wp-content\/uploads\/2017\/03\/9pisonFin.png\">Macizo del Pis\u00f3n: Todo tiene fin<\/a><\/li>\n<li><a href=\"https:\/\/www.lanochedelloro.es\/wp-content\/uploads\/2020\/02\/3PisonUrsi.jpg\">Macizo del Pis\u00f3n: Ursi<\/a><\/li>\n<li><a href=\"https:\/\/www.lanochedelloro.es\/wp-content\/uploads\/2020\/02\/4PisonUrsiFoto.jpg\">Macizo del Pis\u00f3n: Ursi (foto)<\/a><\/li>\n<li><a href=\"https:\/\/www.lanochedelloro.es\/wp-content\/uploads\/2017\/03\/10pisonYuma.png\">Macizo del Pis\u00f3n: Yuma<\/a><\/li>\n<li><a href=\"https:\/\/www.lanochedelloro.es\/wp-content\/uploads\/2017\/03\/11arag\u00f3nPastores.jpg\">Mallo Arag\u00f3n: Los pastores <\/a>(F. Guinda)<\/li>\n<li><a href=\"https:\/\/www.lanochedelloro.es\/wp-content\/uploads\/2017\/03\/12cuchilloMango.png\">Mallo Cuchillo: El mango y la u\u00f1a<\/a><\/li>\n<li><a href=\"https:\/\/www.lanochedelloro.es\/wp-content\/uploads\/2021\/01\/9RiglosPandemia.jpg\">Mallo Cuchillo: Pandemia (A.Santolaria) (rese\u00f1a)<\/a> <a href=\"https:\/\/www.lanochedelloro.es\/wp-content\/uploads\/2021\/01\/9RiglosPandemia.jpg\">(foto)<\/a><\/li>\n<li><a href=\"https:\/\/www.lanochedelloro.es\/wp-content\/uploads\/2021\/07\/10CuchilloPandemia.jpg\">Mallo Cuchillo: Pandemia<\/a><\/li>\n<li><a href=\"https:\/\/www.lanochedelloro.es\/wp-content\/uploads\/2018\/06\/3enmedioRosaleda.jpeg\">Mallo de Enmedio: Canal de la Rosaleda y Negro sobre rosa<\/a><\/li>\n<li><a href=\"https:\/\/www.lanochedelloro.es\/wp-content\/uploads\/2018\/06\/4enmedioRosaledaFoto.jpg\">Mallo de Enmedio: Canal de la Rosaleda y Negro sobre rosa (foto)<\/a><\/li>\n<li><a href=\"https:\/\/www.lanochedelloro.es\/wp-content\/uploads\/2018\/09\/9enmedioEndrija.jpg\">Mallo de Enmedio: Endrija<\/a><\/li>\n<li><a href=\"https:\/\/www.lanochedelloro.es\/wp-content\/uploads\/2017\/03\/13fireAscimas.png\">Mallo Fir\u00e9: Directa as cimas<\/a><\/li>\n<li><a href=\"https:\/\/www.lanochedelloro.es\/wp-content\/uploads\/2017\/03\/14fireGalletas.png\">Mallo Fir\u00e9: Galletas<\/a><\/li>\n<li><a href=\"https:\/\/www.lanochedelloro.es\/wp-content\/uploads\/2018\/06\/5fireLuis.jpeg\">Mallo Fir\u00e9: Luis Villar<\/a><\/li>\n<li><a href=\"https:\/\/www.lanochedelloro.es\/wp-content\/uploads\/2018\/06\/6fireLuisFoto.jpg\">Mallo Fir\u00e9: Luis Villar (foto)<\/a><\/li>\n<li><a href=\"https:\/\/www.lanochedelloro.es\/wp-content\/uploads\/2017\/03\/15fireRabada.png\">Mallo Fir\u00e9: Rabad\u00e1-Navarro<\/a><\/li>\n<li><a href=\"https:\/\/www.lanochedelloro.es\/wp-content\/uploads\/2017\/03\/16fireFisuras.png\">Mallo Fir\u00e9: V\u00eda de las fisuras<\/a><\/li>\n<li><a href=\"https:\/\/www.lanochedelloro.es\/wp-content\/uploads\/2017\/03\/17frechinCurrucu.jpg\">Mallo Melchor Frech\u00edn: Currucuclillo<\/a> (P. Forts)<\/li>\n<li><a href=\"https:\/\/www.lanochedelloro.es\/wp-content\/uploads\/2018\/06\/7melchorCurrucuclillo.jpeg\">Mallo Melchor Frech\u00edn: Currucuclillo<\/a><\/li>\n<li><a href=\"https:\/\/www.lanochedelloro.es\/wp-content\/uploads\/2017\/03\/18frechinIrene.png\">Mallo Melchor Frech\u00edn: Irene y la paz<\/a><\/li>\n<li><a href=\"https:\/\/www.lanochedelloro.es\/wp-content\/uploads\/2017\/03\/19frechiSanz.png\">Mallo Melchor Frech\u00edn: Jos\u00e9 Antonio Sanz<\/a><\/li>\n<li><a href=\"https:\/\/www.lanochedelloro.es\/wp-content\/uploads\/2017\/03\/20frechinSanzfoto.jpg\">Mallo Melchor Frech\u00edn: Jos\u00e9 Antonio Sanz (foto)<\/a> (P. Forts)<\/li>\n<li><a href=\"https:\/\/www.lanochedelloro.es\/wp-content\/uploads\/2017\/03\/21frechinTacones.png\">Mallo Melchor Frech\u00edn: Los tacones rosas de la t\u00eda Glori <\/a>(Diaples)<\/li>\n<li><a href=\"https:\/\/www.lanochedelloro.es\/wp-content\/uploads\/2017\/03\/22frechinNegro.png\">Mallo Melchor Frech\u00edn: Negro sobre rosa<\/a> (Diaples)<\/li>\n<li><a href=\"https:\/\/www.lanochedelloro.es\/wp-content\/uploads\/2017\/03\/23pisonCarnaval.png\">Mallo Pis\u00f3n: Carnavalada<\/a><\/li>\n<li><a href=\"https:\/\/www.lanochedelloro.es\/wp-content\/uploads\/2017\/03\/24pisonChooper.png\">Mallo Pis\u00f3n: Chooper<\/a><\/li>\n<li><a href=\"https:\/\/www.lanochedelloro.es\/wp-content\/uploads\/2017\/03\/25pisonHechizos.png\">Mallo Pis\u00f3n: Hechizos del viento<\/a> (Xose)<\/li>\n<li><a href=\"https:\/\/www.lanochedelloro.es\/wp-content\/uploads\/2017\/03\/26pisonPadre.png\">Mallo Pis\u00f3n: Mi padre tiene sed y Tangerine Dream<\/a><\/li>\n<li><a href=\"https:\/\/www.lanochedelloro.es\/wp-content\/uploads\/2017\/03\/27pisonMurciana.png\">Mallo Pis\u00f3n: Murciana<\/a><\/li>\n<li><a href=\"https:\/\/www.lanochedelloro.es\/wp-content\/uploads\/2017\/03\/28pisonNormal.png\">Mallo Pis\u00f3n: Normal del Puro y Ser\u00f3n-Mill\u00e1n<\/a><\/li>\n<li><a href=\"https:\/\/www.lanochedelloro.es\/wp-content\/uploads\/2017\/03\/29pisonPany.png\">Mallo Pis\u00f3n: Pany-Haus y Normal<\/a><\/li>\n<li><a href=\"https:\/\/www.lanochedelloro.es\/wp-content\/uploads\/2020\/02\/5PisonSendero.jpg\">Mallo Pis\u00f3n: Sendero l\u00edmite y El vuelo del buitre<\/a><\/li>\n<li><a href=\"https:\/\/www.lanochedelloro.es\/wp-content\/uploads\/2017\/03\/30viseraZulu.png\">Mallo Visera: El zul\u00fa demente<\/a><\/li>\n<li><a href=\"https:\/\/www.lanochedelloro.es\/wp-content\/uploads\/2017\/03\/31viseraGuirles.png\">Mallo Visera: Guirles-Campos<\/a><\/li>\n<li><a href=\"https:\/\/www.lanochedelloro.es\/wp-content\/uploads\/2017\/03\/32viseraBiceps.png\">Mallo Visera: La fiesta de los b\u00edceps<\/a><\/li>\n<li><a href=\"https:\/\/www.lanochedelloro.es\/wp-content\/uploads\/2017\/03\/33viseraMosquitos.png\">Mallo Visera: Mosquitos<\/a><\/li>\n<\/ul>\n","protected":false},"excerpt":{"rendered":"<p>Aguja Roja: Luc\u00eda Aguja Roja: Sureste Aguja Roja: Villarig Bordillos del Puro El Bulevar de los Sue\u00f1os Rotos: Espol\u00f3n lady Fly El Bulevar de los Sue\u00f1os Rotos:Espol\u00f3n lady Fly (foto) El Bulevar de los Sue\u00f1os Rotos: Sietune y Espol\u00f3n lady Fly (Diaples) El Puro: Cara Norte La Visera: Quinta chimenea Los Volaos: Gotanoia Macizo del &hellip; <a href=\"https:\/\/www.lanochedelloro.es\/index.php\/riglos\/\" class=\"more-link\">Seguir leyendo <span class=\"screen-reader-text\">RIGLOS<\/span> <span class=\"meta-nav\">&rarr;<\/span><\/a><\/p>\n","protected":false},"author":1,"featured_media":4520,"parent":0,"menu_order":0,"comment_status":"closed","ping_status":"closed","template":"","meta":{"footnotes":""},"class_list":["post-451","page","type-page","status-publish","has-post-thumbnail","hentry"],"_links":{"self":[{"href":"https:\/\/www.lanochedelloro.es\/index.php\/wp-json\/wp\/v2\/pages\/451","targetHints":{"allow":["GET"]}}],"collection":[{"href":"https:\/\/www.lanochedelloro.es\/index.php\/wp-json\/wp\/v2\/pages"}],"about":[{"href":"https:\/\/www.lanochedelloro.es\/index.php\/wp-json\/wp\/v2\/types\/page"}],"author":[{"embeddable":true,"href":"https:\/\/www.lanochedelloro.es\/index.php\/wp-json\/wp\/v2\/users\/1"}],"replies":[{"embeddable":true,"href":"https:\/\/www.lanochedelloro.es\/index.php\/wp-json\/wp\/v2\/comments?post=451"}],"version-history":[{"count":10,"href":"https:\/\/www.lanochedelloro.es\/index.php\/wp-json\/wp\/v2\/pages\/451\/revisions"}],"predecessor-version":[{"id":5308,"href":"https:\/\/www.lanochedelloro.es\/index.php\/wp-json\/wp\/v2\/pages\/451\/revisions\/5308"}],"wp:featuredmedia":[{"embeddable":true,"href":"https:\/\/www.lanochedelloro.es\/index.php\/wp-json\/wp\/v2\/media\/4520"}],"wp:attachment":[{"href":"https:\/\/www.lanochedelloro.es\/index.php\/wp-json\/wp\/v2\/media?parent=451"}],"curies":[{"name":"wp","href":"https:\/\/api.w.org\/{rel}","templated":true}]}}