{"id":449,"date":"2016-12-29T17:39:28","date_gmt":"2016-12-29T17:39:28","guid":{"rendered":"http:\/\/www.lanochedelloro.es\/?page_id=449"},"modified":"2021-01-22T18:32:38","modified_gmt":"2021-01-22T18:32:38","slug":"ordesa","status":"publish","type":"page","link":"https:\/\/www.lanochedelloro.es\/index.php\/ordesa\/","title":{"rendered":"ORDESA"},"content":{"rendered":"<ul>\n<li><a href=\"https:\/\/www.lanochedelloro.es\/wp-content\/uploads\/2017\/03\/1gallineroAnglada.png\">El Gallinero: Anglada-Cerd\u00e0<\/a><\/li>\n<li><a href=\"https:\/\/www.lanochedelloro.es\/wp-content\/uploads\/2017\/03\/2gallineroCoussins.png\">El Gallinero: Coussins de belle m\u00e8re<\/a> (A.Bruzy)<\/li>\n<li><a href=\"https:\/\/www.lanochedelloro.es\/wp-content\/uploads\/2017\/03\/3gallineroDiedro73.png\">El Gallinero: Diedro del 73<\/a><\/li>\n<li><a href=\"https:\/\/www.lanochedelloro.es\/wp-content\/uploads\/2017\/03\/4gallineroEscofet.png\">El Gallinero: Escofet<\/a> (J.M. Esquirol)<\/li>\n<li><a href=\"https:\/\/www.lanochedelloro.es\/wp-content\/uploads\/2017\/03\/5gallineroHeroina.png\">El Gallinero: Hero\u00edna<\/a><\/li>\n<li><a href=\"https:\/\/www.lanochedelloro.es\/wp-content\/uploads\/2017\/03\/6gallineroRabada1.png\">El Gallinero: Rabad\u00e1-Navarro (I)<\/a><\/li>\n<li><a href=\"https:\/\/www.lanochedelloro.es\/wp-content\/uploads\/2017\/03\/7gallineroRabada2.png\">El Gallinero: Rabad\u00e1-Navarro (II)<\/a><\/li>\n<li><a href=\"https:\/\/www.lanochedelloro.es\/wp-content\/uploads\/2017\/03\/8gallineroRacs.png\">El Gallinero: Racs<\/a> (A. Salvad\u00f3)<\/li>\n<li><a href=\"https:\/\/www.lanochedelloro.es\/wp-content\/uploads\/2018\/06\/1pe\u00f1abujaruelo.jpeg\">Pe\u00f1a de Bujaruelo<\/a><\/li>\n<li><a href=\"https:\/\/www.lanochedelloro.es\/wp-content\/uploads\/2018\/06\/2fenezCanaletas.png\">Pico Fenez: Canaletas centrales y Supercanaleta<\/a><\/li>\n<li><a href=\"https:\/\/www.lanochedelloro.es\/wp-content\/uploads\/2021\/01\/11OrdesaMarmotas.jpg\">Pico Fenez: V\u00eda de las Marmotas<\/a><\/li>\n<li><a href=\"https:\/\/www.lanochedelloro.es\/wp-content\/uploads\/2017\/03\/9malloBrujas.png\">Tozal del Mallo: Integral Brujas-Franco-espa\u00f1ola<\/a><\/li>\n<li><a href=\"https:\/\/www.lanochedelloro.es\/wp-content\/uploads\/2017\/03\/10malloRavier.png\">Tozal del Mallo: Ravier<\/a><\/li>\n<\/ul>\n","protected":false},"excerpt":{"rendered":"<p>El Gallinero: Anglada-Cerd\u00e0 El Gallinero: Coussins de belle m\u00e8re (A.Bruzy) El Gallinero: Diedro del 73 El Gallinero: Escofet (J.M. Esquirol) El Gallinero: Hero\u00edna El Gallinero: Rabad\u00e1-Navarro (I) El Gallinero: Rabad\u00e1-Navarro (II) El Gallinero: Racs (A. Salvad\u00f3) Pe\u00f1a de Bujaruelo Pico Fenez: Canaletas centrales y Supercanaleta Pico Fenez: V\u00eda de las Marmotas Tozal del Mallo: Integral &hellip; <a href=\"https:\/\/www.lanochedelloro.es\/index.php\/ordesa\/\" class=\"more-link\">Seguir leyendo <span class=\"screen-reader-text\">ORDESA<\/span> <span class=\"meta-nav\">&rarr;<\/span><\/a><\/p>\n","protected":false},"author":1,"featured_media":4519,"parent":0,"menu_order":0,"comment_status":"closed","ping_status":"closed","template":"","meta":{"footnotes":""},"class_list":["post-449","page","type-page","status-publish","has-post-thumbnail","hentry"],"_links":{"self":[{"href":"https:\/\/www.lanochedelloro.es\/index.php\/wp-json\/wp\/v2\/pages\/449","targetHints":{"allow":["GET"]}}],"collection":[{"href":"https:\/\/www.lanochedelloro.es\/index.php\/wp-json\/wp\/v2\/pages"}],"about":[{"href":"https:\/\/www.lanochedelloro.es\/index.php\/wp-json\/wp\/v2\/types\/page"}],"author":[{"embeddable":true,"href":"https:\/\/www.lanochedelloro.es\/index.php\/wp-json\/wp\/v2\/users\/1"}],"replies":[{"embeddable":true,"href":"https:\/\/www.lanochedelloro.es\/index.php\/wp-json\/wp\/v2\/comments?post=449"}],"version-history":[{"count":5,"href":"https:\/\/www.lanochedelloro.es\/index.php\/wp-json\/wp\/v2\/pages\/449\/revisions"}],"predecessor-version":[{"id":5004,"href":"https:\/\/www.lanochedelloro.es\/index.php\/wp-json\/wp\/v2\/pages\/449\/revisions\/5004"}],"wp:featuredmedia":[{"embeddable":true,"href":"https:\/\/www.lanochedelloro.es\/index.php\/wp-json\/wp\/v2\/media\/4519"}],"wp:attachment":[{"href":"https:\/\/www.lanochedelloro.es\/index.php\/wp-json\/wp\/v2\/media?parent=449"}],"curies":[{"name":"wp","href":"https:\/\/api.w.org\/{rel}","templated":true}]}}