{"id":435,"date":"2016-12-29T17:38:17","date_gmt":"2016-12-29T17:38:17","guid":{"rendered":"http:\/\/www.lanochedelloro.es\/?page_id=435"},"modified":"2025-06-10T16:14:24","modified_gmt":"2025-06-10T16:14:24","slug":"aguero-pena-rueba","status":"publish","type":"page","link":"https:\/\/www.lanochedelloro.es\/index.php\/aguero-pena-rueba\/","title":{"rendered":"AG\u00dcERO-PE\u00d1A RUEBA"},"content":{"rendered":"<ul>\n<li><a href=\"https:\/\/www.lanochedelloro.es\/wp-content\/uploads\/2017\/03\/1agueroDakota.png\">Mallos de Ag\u00fcero: Dakota line<\/a> (J.Vidal)<\/li>\n<li><a href=\"https:\/\/www.lanochedelloro.es\/wp-content\/uploads\/2017\/03\/2agueroSolanormal.png\">Mallos de Ag\u00fcero-Pe\u00f1a Sola: V\u00eda normal<\/a><\/li>\n<li><a href=\"https:\/\/www.lanochedelloro.es\/wp-content\/uploads\/2018\/06\/1ruebaAbrazo.jpeg\">Pe\u00f1a Rueba: Abrazo al vac\u00edo<\/a><\/li>\n<li><a href=\"https:\/\/www.lanochedelloro.es\/wp-content\/uploads\/2018\/06\/2ruebaAbrazoFoto.jpg\">Pe\u00f1a Rueba: Abrazo al vac\u00edo (foto)<\/a><\/li>\n<li><a href=\"https:\/\/www.lanochedelloro.es\/wp-content\/uploads\/2017\/03\/1ruebaAliana.jpg\">Pe\u00f1a Rueba: Aliana<\/a> (J.Olivan)<\/li>\n<li><a href=\"https:\/\/www.lanochedelloro.es\/wp-content\/uploads\/2021\/01\/5RuebaAliana.jpg\">Pe\u00f1a Rueba: Aliana (rese\u00f1a)<\/a>\u00a0 <a href=\"https:\/\/www.lanochedelloro.es\/wp-content\/uploads\/2021\/01\/6RuebaAlianaFoto.jpg\">(foto)<\/a><\/li>\n<li><a href=\"https:\/\/www.lanochedelloro.es\/wp-content\/uploads\/2018\/06\/3ruebaAtrapado.jpg\">Pe\u00f1a Rueba: Atrapado en las nubes<\/a><\/li>\n<li><a href=\"https:\/\/www.lanochedelloro.es\/wp-content\/uploads\/2018\/06\/4ruebaAtrapadoFoto.jpg\">Pe\u00f1a Rueba: Atrapado en las nubes (foto)<\/a><\/li>\n<li><a href=\"https:\/\/www.lanochedelloro.es\/wp-content\/uploads\/2018\/06\/5ruebaBruno.jpeg\">Pe\u00f1a Rueba: Bruno Gaspar<\/a><\/li>\n<li><a href=\"https:\/\/www.lanochedelloro.es\/wp-content\/uploads\/2020\/02\/1RuebaCarnicraba.jpg\">Pe\u00f1a Rueba: Carnicraba<\/a><\/li>\n<li><a href=\"https:\/\/www.lanochedelloro.es\/wp-content\/uploads\/2020\/02\/2RuebaCarnicrabaFoto.jpg\">Pe\u00f1a Rueba: Carnicraba (foto)<\/a><\/li>\n<li><a href=\"https:\/\/www.lanochedelloro.es\/wp-content\/uploads\/2022\/08\/1RuebaCodols.jpg\">Pe\u00f1a Rueba: C\u00f2dols voladors<\/a><\/li>\n<li><a href=\"https:\/\/www.lanochedelloro.es\/wp-content\/uploads\/2022\/08\/2RuebaCodolsFoto.jpg\">Pe\u00f1a Rueba: C\u00f2dols voladors (foto)<\/a> (A.C\u00f3freces)<\/li>\n<li><a href=\"https:\/\/www.lanochedelloro.es\/wp-content\/uploads\/2017\/03\/2ruebaDirecta.jpg\">Pe\u00f1a Rueba: Directa<\/a> (P.Forts)<\/li>\n<li><a href=\"https:\/\/www.lanochedelloro.es\/wp-content\/uploads\/2021\/07\/4RuebaDiablos.jpg\">Pe\u00f1a Rueba: Dos diablos en el coraz\u00f3n<\/a><\/li>\n<li><a href=\"https:\/\/www.lanochedelloro.es\/wp-content\/uploads\/2017\/03\/3ruebaRoche.png\">Pe\u00f1a Rueba: Edu Roche<\/a><\/li>\n<li><a href=\"https:\/\/www.lanochedelloro.es\/wp-content\/uploads\/2017\/03\/4ruebaTiempo.jpg\">Pe\u00f1a Rueba: El tiempo que nos queda<\/a> (P.Forts)<\/li>\n<li><a href=\"https:\/\/www.lanochedelloro.es\/wp-content\/uploads\/2017\/03\/5ruebaTiempotxt.png\">Pe\u00f1a Rueba: El tiempo que nos queda (texto)<\/a> (P.Forts)<\/li>\n<li><a href=\"https:\/\/www.lanochedelloro.es\/wp-content\/uploads\/2017\/03\/6ruebaFuertesbajada.png\">Pe\u00f1a Rueba: Espol\u00f3n del G\u00e1llego y Espol\u00f3n Fuertes (descenso)<\/a><\/li>\n<li><a href=\"https:\/\/www.lanochedelloro.es\/wp-content\/uploads\/2017\/03\/7ruebaFuertes1.png\">Pe\u00f1a Rueba: Espol\u00f3n del G\u00e1llego y Espol\u00f3n Fuertes (I)<\/a><\/li>\n<li><a href=\"https:\/\/www.lanochedelloro.es\/wp-content\/uploads\/2017\/03\/8ruebaFuertes2.png\">Pe\u00f1a Rueba: Espol\u00f3n del G\u00e1llego y Espol\u00f3n Fuertes (II)<\/a><\/li>\n<li><a href=\"https:\/\/www.lanochedelloro.es\/wp-content\/uploads\/2022\/08\/3RuebaEspolonNe.jpg\">Pe\u00f1a Rueba: Espol\u00f3n noreste (rese\u00f1a)<\/a>\u00a0 <a href=\"https:\/\/www.lanochedelloro.es\/wp-content\/uploads\/2022\/08\/4RuebaEspolonNeFoto.jpg\">(foto)<\/a><\/li>\n<li><a href=\"https:\/\/www.lanochedelloro.es\/wp-content\/uploads\/2021\/07\/5RuebaPoniente.jpg\">Pe\u00f1a Rueba: Espol\u00f3n de Poniente<\/a><\/li>\n<li><a href=\"https:\/\/www.lanochedelloro.es\/wp-content\/uploads\/2017\/03\/9ruebaFrontera.png\">Pe\u00f1a Rueba: Frontera apache <span style=\"color: #000000;\">(J.Vidal)<\/span><\/a><\/li>\n<li><a href=\"https:\/\/www.lanochedelloro.es\/wp-content\/uploads\/2021\/07\/6RuebaFrontera.jpg\">Pe\u00f1a Rueba: Frontera apache<\/a><\/li>\n<li><a href=\"https:\/\/www.lanochedelloro.es\/wp-content\/uploads\/2022\/08\/5RuebaDiedro.jpg\">Pe\u00f1a Rueba: Gran diedro (rese\u00f1a)<\/a>\u00a0 <a href=\"https:\/\/www.lanochedelloro.es\/wp-content\/uploads\/2022\/08\/6RuebaDiedroFoto.jpg\">(foto)<\/a><\/li>\n<li><a href=\"https:\/\/www.lanochedelloro.es\/wp-content\/uploads\/2017\/03\/10ruebaInazio.png\">Pe\u00f1a Rueba: Inazio Cinto (L1 y L2)<\/a><\/li>\n<li><a href=\"https:\/\/www.lanochedelloro.es\/wp-content\/uploads\/2017\/03\/11ruebaOrtas.png\">Pe\u00f1a Rueba: Lorenzo Ortas<\/a><\/li>\n<li><a href=\"https:\/\/www.lanochedelloro.es\/wp-content\/uploads\/2017\/03\/12ruebaTerceros.png\">Pe\u00f1a Rueba: Los terceros tambi\u00e9n existen<\/a><\/li>\n<li><a href=\"https:\/\/www.lanochedelloro.es\/wp-content\/uploads\/2022\/08\/7RuebaMafalda.jpg\">Pe\u00f1a Rueba: Mafalda<\/a><\/li>\n<li><a href=\"https:\/\/www.lanochedelloro.es\/wp-content\/uploads\/2025\/06\/117mak-scaled.jpeg\">Pe\u00f1a Rueba: Make<\/a><\/li>\n<li><a href=\"https:\/\/www.lanochedelloro.es\/wp-content\/uploads\/2017\/03\/13ruebaMake.jpg\">Pe\u00f1a Rueba: Make<\/a> (P.Forts)<\/li>\n<li><a href=\"https:\/\/www.lanochedelloro.es\/wp-content\/uploads\/2017\/03\/14ruebaMaketxt.png\">Pe\u00f1a Rueba: Make (texto)<\/a> (P.Forts)<\/li>\n<li><a href=\"https:\/\/www.lanochedelloro.es\/wp-content\/uploads\/2025\/06\/116nue-scaled.jpeg\">Pe\u00f1a Rueba: Nueva cultura del agua<\/a><\/li>\n<li><a href=\"https:\/\/www.lanochedelloro.es\/wp-content\/uploads\/2021\/01\/7RuebaSagaste.jpg\">Pe\u00f1a Rueba: Santi Sagaste (rese\u00f1a)<\/a> <a href=\"https:\/\/www.lanochedelloro.es\/wp-content\/uploads\/2021\/01\/8RuebaSagasteFoto.jpg\">(foto)<\/a><\/li>\n<li><a href=\"https:\/\/www.lanochedelloro.es\/wp-content\/uploads\/2025\/06\/118sen-scaled.jpeg\">Pe\u00f1a Rueba: Sendero L\u00edmite<\/a><\/li>\n<li><a href=\"https:\/\/www.lanochedelloro.es\/wp-content\/uploads\/2017\/03\/15ruebaTierra.png\">Pe\u00f1a Rueba: Tierra de dragones<\/a><\/li>\n<li><a href=\"https:\/\/www.lanochedelloro.es\/wp-content\/uploads\/2017\/03\/16ruebaTierrafoto.jpg\">Pe\u00f1a Rueba: Tierra de dragones (foto)<\/a><\/li>\n<li><a href=\"https:\/\/www.lanochedelloro.es\/wp-content\/uploads\/2021\/07\/7RuebaTresArm.jpg\">Pe\u00f1a Rueba: Tres i no res<\/a> (A.Ballart)<\/li>\n<li><a href=\"https:\/\/www.lanochedelloro.es\/wp-content\/uploads\/2021\/07\/8RuebaTres.jpg\">Pe\u00f1a Rueba: Tres i no res<\/a><\/li>\n<\/ul>\n","protected":false},"excerpt":{"rendered":"<p>Mallos de Ag\u00fcero: Dakota line (J.Vidal) Mallos de Ag\u00fcero-Pe\u00f1a Sola: V\u00eda normal Pe\u00f1a Rueba: Abrazo al vac\u00edo Pe\u00f1a Rueba: Abrazo al vac\u00edo (foto) Pe\u00f1a Rueba: Aliana (J.Olivan) Pe\u00f1a Rueba: Aliana (rese\u00f1a)\u00a0 (foto) Pe\u00f1a Rueba: Atrapado en las nubes Pe\u00f1a Rueba: Atrapado en las nubes (foto) Pe\u00f1a Rueba: Bruno Gaspar Pe\u00f1a Rueba: Carnicraba Pe\u00f1a Rueba: Carnicraba &hellip; <a href=\"https:\/\/www.lanochedelloro.es\/index.php\/aguero-pena-rueba\/\" class=\"more-link\">Seguir leyendo <span class=\"screen-reader-text\">AG\u00dcERO-PE\u00d1A RUEBA<\/span> <span class=\"meta-nav\">&rarr;<\/span><\/a><\/p>\n","protected":false},"author":1,"featured_media":4511,"parent":0,"menu_order":0,"comment_status":"closed","ping_status":"closed","template":"","meta":{"footnotes":""},"class_list":["post-435","page","type-page","status-publish","has-post-thumbnail","hentry"],"_links":{"self":[{"href":"https:\/\/www.lanochedelloro.es\/index.php\/wp-json\/wp\/v2\/pages\/435","targetHints":{"allow":["GET"]}}],"collection":[{"href":"https:\/\/www.lanochedelloro.es\/index.php\/wp-json\/wp\/v2\/pages"}],"about":[{"href":"https:\/\/www.lanochedelloro.es\/index.php\/wp-json\/wp\/v2\/types\/page"}],"author":[{"embeddable":true,"href":"https:\/\/www.lanochedelloro.es\/index.php\/wp-json\/wp\/v2\/users\/1"}],"replies":[{"embeddable":true,"href":"https:\/\/www.lanochedelloro.es\/index.php\/wp-json\/wp\/v2\/comments?post=435"}],"version-history":[{"count":10,"href":"https:\/\/www.lanochedelloro.es\/index.php\/wp-json\/wp\/v2\/pages\/435\/revisions"}],"predecessor-version":[{"id":5743,"href":"https:\/\/www.lanochedelloro.es\/index.php\/wp-json\/wp\/v2\/pages\/435\/revisions\/5743"}],"wp:featuredmedia":[{"embeddable":true,"href":"https:\/\/www.lanochedelloro.es\/index.php\/wp-json\/wp\/v2\/media\/4511"}],"wp:attachment":[{"href":"https:\/\/www.lanochedelloro.es\/index.php\/wp-json\/wp\/v2\/media?parent=435"}],"curies":[{"name":"wp","href":"https:\/\/api.w.org\/{rel}","templated":true}]}}