{"id":406,"date":"2016-12-29T17:32:23","date_gmt":"2016-12-29T17:32:23","guid":{"rendered":"http:\/\/www.lanochedelloro.es\/?page_id=406"},"modified":"2019-12-04T17:20:40","modified_gmt":"2019-12-04T17:20:40","slug":"colomers","status":"publish","type":"page","link":"https:\/\/www.lanochedelloro.es\/index.php\/colomers\/","title":{"rendered":"COLOMERS"},"content":{"rendered":"<ul>\n<li><a href=\"https:\/\/www.lanochedelloro.es\/wp-content\/uploads\/2017\/03\/121grantucSky.png\">Agulla Gran Tuc de Colomers: Sky Flauters<\/a> (D.Brugarolas)<\/li>\n<li><a href=\"https:\/\/www.lanochedelloro.es\/wp-content\/uploads\/2018\/05\/1agullescolrampes.jpeg\">Agulles de Colomers: Rampes<\/a><\/li>\n<li><a href=\"https:\/\/www.lanochedelloro.es\/wp-content\/uploads\/2018\/05\/2agullescolrampesfotos.jpg\">Agulles de Colomers: Rampes (foto)<\/a><\/li>\n<li><a href=\"https:\/\/www.lanochedelloro.es\/wp-content\/uploads\/2017\/03\/125ccolomersBaby.png\">Creu de Colomers: Esper\u00f3 baby- bullas<\/a> (D.Brugarolas)<\/li>\n<li><a href=\"https:\/\/www.lanochedelloro.es\/wp-content\/uploads\/2017\/03\/1creuLujo.png\">Creu de Colomers: Lujo asi\u00e1tico<\/a> (D.Brugarolas)<\/li>\n<li><a href=\"https:\/\/www.lanochedelloro.es\/wp-content\/uploads\/2017\/03\/126ccolomersProblemes.png\">Creu de Colomers: Problemes dom\u00e8stics<\/a> (D.Brugarolas)<\/li>\n<li><a href=\"https:\/\/www.lanochedelloro.es\/wp-content\/uploads\/2018\/05\/3creucolproblemesdom.jpeg\">Creu de Colomers: Problemes dom\u00e8stics<\/a><\/li>\n<li><a href=\"https:\/\/www.lanochedelloro.es\/wp-content\/uploads\/2018\/05\/4creucolproblemesdom.jpg\">Creu de Colomers: Problemes dom\u00e8stics (foto)<\/a><\/li>\n<li><a href=\"https:\/\/www.lanochedelloro.es\/wp-content\/uploads\/2017\/03\/127Diedre86.png\">Diedre 86<\/a> (S.Maull)<\/li>\n<li><a href=\"https:\/\/www.lanochedelloro.es\/wp-content\/uploads\/2017\/03\/128Porro.png\">El Porr\u00f3<\/a> (S.Maull)<\/li>\n<li><a href=\"https:\/\/www.lanochedelloro.es\/wp-content\/uploads\/2017\/03\/2porientalEnfermo.png\">Pic Oriental: Soy un hombre enfermo<\/a><\/li>\n<li><a href=\"https:\/\/www.lanochedelloro.es\/wp-content\/uploads\/2017\/03\/124innominataCustodia.png\">Punta Innominata: Cust\u00f2dia compartida<\/a> (D.Brugarolas)<\/li>\n<li><a href=\"https:\/\/www.lanochedelloro.es\/wp-content\/uploads\/2017\/03\/3innominataGota.jpg\">Punta Innominata: Gota Malaia<\/a> (D.Brugarolas)<\/li>\n<li><a href=\"https:\/\/www.lanochedelloro.es\/wp-content\/uploads\/2017\/03\/4innominataTempus.png\">Punta Innominata: Tempus fugit<\/a> (D.Brugarolas)<\/li>\n<li><a href=\"https:\/\/www.lanochedelloro.es\/wp-content\/uploads\/2017\/03\/5innominataVarias.png\">Punta Innominata: varias<\/a> (D.Brugarolas)<\/li>\n<li><a href=\"https:\/\/www.lanochedelloro.es\/wp-content\/uploads\/2017\/03\/6solarium.png\">Sector el Solarium<\/a> (S.Maull)<\/li>\n<li><a href=\"https:\/\/www.lanochedelloro.es\/wp-content\/uploads\/2017\/03\/7deportivosMapa.jpg\">Sectores deportivos: mapa<\/a><\/li>\n<li><a href=\"https:\/\/www.lanochedelloro.es\/wp-content\/uploads\/2017\/03\/8llosabiopijos.png\">Sectores La Llosa y Biopijos<\/a> (S.Maull)<\/li>\n<li><a href=\"https:\/\/www.lanochedelloro.es\/wp-content\/uploads\/2017\/03\/9totxobadile.png\">Totxo Badile<\/a> (S.Maull)<\/li>\n<li><a href=\"https:\/\/www.lanochedelloro.es\/wp-content\/uploads\/2017\/03\/123balagueraCafecreme.png\">Tuc de Balaguera: Caf\u00e9 cr\u00e8me<\/a> (D.Brugarolas)<\/li>\n<li><a href=\"https:\/\/www.lanochedelloro.es\/wp-content\/uploads\/2017\/03\/10balagueraNeverstop.png\">Tuc de Balaguera: Never stop dancing the electroboogie<\/a> (D.Brugarolas)<\/li>\n<li><a href=\"https:\/\/www.lanochedelloro.es\/wp-content\/uploads\/2017\/03\/122balagueraFoto.jpg\">Tuc de Balaguera Paret Nord: foto<\/a> (D.Brugarolas)<\/li>\n<li><a href=\"https:\/\/www.lanochedelloro.es\/wp-content\/uploads\/2017\/03\/11poduOlla.png\">Tuc deth P\u00f3du: Olla aranesa<\/a> (D.Brugarolas)<\/li>\n<li><a href=\"https:\/\/www.lanochedelloro.es\/wp-content\/uploads\/2017\/03\/12colomersVarios.png\">Varios sectores<\/a> (S.Maull)<\/li>\n<\/ul>\n","protected":false},"excerpt":{"rendered":"<p>Agulla Gran Tuc de Colomers: Sky Flauters (D.Brugarolas) Agulles de Colomers: Rampes Agulles de Colomers: Rampes (foto) Creu de Colomers: Esper\u00f3 baby- bullas (D.Brugarolas) Creu de Colomers: Lujo asi\u00e1tico (D.Brugarolas) Creu de Colomers: Problemes dom\u00e8stics (D.Brugarolas) Creu de Colomers: Problemes dom\u00e8stics Creu de Colomers: Problemes dom\u00e8stics (foto) Diedre 86 (S.Maull) El Porr\u00f3 (S.Maull) Pic Oriental: &hellip; <a href=\"https:\/\/www.lanochedelloro.es\/index.php\/colomers\/\" class=\"more-link\">Seguir leyendo <span class=\"screen-reader-text\">COLOMERS<\/span> <span class=\"meta-nav\">&rarr;<\/span><\/a><\/p>\n","protected":false},"author":1,"featured_media":4544,"parent":0,"menu_order":0,"comment_status":"closed","ping_status":"closed","template":"","meta":{"footnotes":""},"class_list":["post-406","page","type-page","status-publish","has-post-thumbnail","hentry"],"_links":{"self":[{"href":"https:\/\/www.lanochedelloro.es\/index.php\/wp-json\/wp\/v2\/pages\/406","targetHints":{"allow":["GET"]}}],"collection":[{"href":"https:\/\/www.lanochedelloro.es\/index.php\/wp-json\/wp\/v2\/pages"}],"about":[{"href":"https:\/\/www.lanochedelloro.es\/index.php\/wp-json\/wp\/v2\/types\/page"}],"author":[{"embeddable":true,"href":"https:\/\/www.lanochedelloro.es\/index.php\/wp-json\/wp\/v2\/users\/1"}],"replies":[{"embeddable":true,"href":"https:\/\/www.lanochedelloro.es\/index.php\/wp-json\/wp\/v2\/comments?post=406"}],"version-history":[{"count":7,"href":"https:\/\/www.lanochedelloro.es\/index.php\/wp-json\/wp\/v2\/pages\/406\/revisions"}],"predecessor-version":[{"id":3731,"href":"https:\/\/www.lanochedelloro.es\/index.php\/wp-json\/wp\/v2\/pages\/406\/revisions\/3731"}],"wp:featuredmedia":[{"embeddable":true,"href":"https:\/\/www.lanochedelloro.es\/index.php\/wp-json\/wp\/v2\/media\/4544"}],"wp:attachment":[{"href":"https:\/\/www.lanochedelloro.es\/index.php\/wp-json\/wp\/v2\/media?parent=406"}],"curies":[{"name":"wp","href":"https:\/\/api.w.org\/{rel}","templated":true}]}}