{"id":3139,"date":"2017-12-08T15:20:40","date_gmt":"2017-12-08T15:20:40","guid":{"rendered":"http:\/\/www.lanochedelloro.es\/?page_id=3139"},"modified":"2019-12-04T17:36:32","modified_gmt":"2019-12-04T17:36:32","slug":"taghia-2","status":"publish","type":"page","link":"https:\/\/www.lanochedelloro.es\/index.php\/taghia-2\/","title":{"rendered":"TAGHIA"},"content":{"rendered":"<p><span style=\"color: #000000;\">Para situar las v\u00edas en las fotos seg\u00fan la numeraci\u00f3n que aparece en estas, consultar <a href=\"https:\/\/www.lanochedelloro.es\/wp-content\/uploads\/2017\/12\/Informaci\u00f3n-complementaria-rese\u00f1as.pdf\">aqui<\/a>.<\/span><\/p>\n<ul>\n<li><a href=\"https:\/\/www.lanochedelloro.es\/wp-content\/uploads\/2017\/12\/1zaouiaAcces.png\">Ac<\/a><a href=\"https:\/\/www.lanochedelloro.es\/wp-content\/uploads\/2017\/12\/1zaouiaAcces.png\">ceso a Zaouia (mapa)<\/a><\/li>\n<li><a href=\"https:\/\/www.lanochedelloro.es\/wp-content\/uploads\/2017\/12\/2zaouiaAcces2.png\">Acceso alternativo<\/a><\/li>\n<li><a href=\"https:\/\/www.lanochedelloro.es\/wp-content\/uploads\/2017\/12\/3taghiaMap.png\">Circo de Taghia (mapa)<\/a><\/li>\n<li><a href=\"https:\/\/www.lanochedelloro.es\/wp-content\/uploads\/2017\/12\/4atazarteMap.png\">Akka n\u2019Tazarte (acceso)<\/a><\/li>\n<li><a href=\"https:\/\/www.lanochedelloro.es\/wp-content\/uploads\/2017\/12\/5atazarteTrois.png\">Akka n\u2019Tazarte: 3 anes et un coup fin<\/a><\/li>\n<li><a href=\"https:\/\/www.lanochedelloro.es\/wp-content\/uploads\/2017\/12\/6atzarteAmazig.png\">Akka n\u2019Tazarte: Amazigh<\/a><\/li>\n<li><a href=\"https:\/\/www.lanochedelloro.es\/wp-content\/uploads\/2017\/12\/7atzarteBerbere.png\">Akka n\u2019Tazarte: Berbere pepere<\/a><\/li>\n<li><a href=\"https:\/\/www.lanochedelloro.es\/wp-content\/uploads\/2017\/12\/8atzarteBerbereFoto.jpg\">Akka n\u2019Tazarte: Berbere pepere (foto)<\/a><\/li>\n<li><a href=\"https:\/\/www.lanochedelloro.es\/wp-content\/uploads\/2017\/12\/9atzarteBetaxi.png\">Akka n\u2019Tazarte: Betaxi, beti gure bihotzetan<\/a><\/li>\n<li><a href=\"https:\/\/www.lanochedelloro.es\/wp-content\/uploads\/2017\/12\/10atzarteBetaxiFoto.jpeg\">Akka n\u2019Tazarte: Betaxi foto<\/a><\/li>\n<li><a href=\"https:\/\/www.lanochedelloro.es\/wp-content\/uploads\/2017\/12\/11atzarteVilella.jpeg\">Akka n\u2019Tazarte: Capit\u00e0 Vilella<\/a><\/li>\n<li><a href=\"https:\/\/www.lanochedelloro.es\/wp-content\/uploads\/2017\/12\/12atzarteET.png\">Akka n\u2019Tazarte: E.T. Kasbah<\/a><\/li>\n<li><a href=\"https:\/\/www.lanochedelloro.es\/wp-content\/uploads\/2017\/12\/13atzarteEspolon.jpeg\">Akka n\u2019Tazarte: Espol\u00f3n<\/a><\/li>\n<li><a href=\"https:\/\/www.lanochedelloro.es\/wp-content\/uploads\/2017\/12\/14atzarteFois.png\">Akka n\u2019Tazarte: Il etait une fois dans l\u2019oued<\/a><\/li>\n<li><a href=\"https:\/\/www.lanochedelloro.es\/wp-content\/uploads\/2017\/12\/15atzarteJeunes.png\">Akka n\u2019Tazarte: Jeunes et vrill\u00e9s<\/a><\/li>\n<li><a href=\"https:\/\/www.lanochedelloro.es\/wp-content\/uploads\/2017\/12\/16atzarteJeunesFoto.jpg\">Akka n\u2019Tazarte: Jeunes et vrill\u00e9s (foto)<\/a><\/li>\n<li><a href=\"https:\/\/www.lanochedelloro.es\/wp-content\/uploads\/2017\/12\/17atzarteRage.png\">Akka n\u2019Tazarte: La rage dedans<\/a><\/li>\n<li><a href=\"https:\/\/www.lanochedelloro.es\/wp-content\/uploads\/2017\/12\/18atzarteRageFoto.jpg\">Akka n\u2019Tazarte: La rage dedans (foto)<\/a><\/li>\n<li><a href=\"https:\/\/www.lanochedelloro.es\/wp-content\/uploads\/2017\/12\/19atzarteVarias.png\">Akka n\u2019Tazarte: Le chant du berger; Soyez f\u00e9n\u00e9ant, vous <\/a><a href=\"https:\/\/www.lanochedelloro.es\/wp-content\/uploads\/2017\/12\/19atzarteVarias.png\">vivrez longtemps y Mon gros loulou<\/a><\/li>\n<li><a href=\"https:\/\/www.lanochedelloro.es\/wp-content\/uploads\/2017\/12\/20atzarteFolies.png\">Akka n\u2019Tazarte: Les folies berberes<\/a><\/li>\n<li><a href=\"https:\/\/www.lanochedelloro.es\/wp-content\/uploads\/2017\/12\/21atzarteTazagh.png\">Akka n\u2019Tazarte: Mission Tazagh<\/a><a href=\"https:\/\/www.lanochedelloro.es\/wp-content\/uploads\/2017\/12\/21atzarteTazagh.png\">t<\/a><\/li>\n<li><a href=\"https:\/\/www.lanochedelloro.es\/wp-content\/uploads\/2017\/12\/22atzarteTazaghFoto.jpg\">Akka n\u2019Tazarte: Mission Tazaght (foto)<\/a><\/li>\n<li><a href=\"https:\/\/www.lanochedelloro.es\/wp-content\/uploads\/2017\/12\/23atzarteParfums.png\">Akka n\u2019Tazarte: Parfums de berberechos<\/a><\/li>\n<li><a href=\"https:\/\/www.lanochedelloro.es\/wp-content\/uploads\/2017\/12\/24atzarteOstie.png\">Akka n\u2019Tazarte: Pas d\u2019ostie pour les impies<\/a><\/li>\n<li><a href=\"https:\/\/www.lanochedelloro.es\/wp-content\/uploads\/2017\/12\/25atzartePorc.png\">Akka n\u2019Tazarte: Soyez forts, mangez du porc<\/a><\/li>\n<li><a href=\"https:\/\/www.lanochedelloro.es\/wp-content\/uploads\/2017\/12\/26atzarteKool.png\">Akka n\u2019Tazarte: Soyez kool, mangez des moules<\/a><\/li>\n<li><a href=\"https:\/\/www.lanochedelloro.es\/wp-content\/uploads\/2017\/12\/27atzarteTamayourt.png\">Akka n\u2019Tazarte: Tamayourt<\/a><\/li>\n<li><a href=\"https:\/\/www.lanochedelloro.es\/wp-content\/uploads\/2017\/12\/28atzarteTerre.png\">Akka n\u2019Tazarte: Terre des hommes<\/a><\/li>\n<li><a href=\"https:\/\/www.lanochedelloro.es\/wp-content\/uploads\/2017\/12\/29inchFesses.png\">Inch\u2019allah: Fesses, bassesses et tentations e Inch\u2019allah<\/a><\/li>\n<li><a href=\"https:\/\/www.lanochedelloro.es\/wp-content\/uploads\/2017\/12\/30inchFoto.jpeg\">Inch\u2019allah: foto<\/a><\/li>\n<li><a href=\"https:\/\/www.lanochedelloro.es\/wp-content\/uploads\/2017\/12\/31oujdMap.png\">Oujdad: acceso mapa<\/a><\/li>\n<li><a href=\"https:\/\/www.lanochedelloro.es\/wp-content\/uploads\/2017\/12\/32oujdAprox.png\">Oujdad: aproximaci\u00f3n<\/a><\/li>\n<li><a href=\"https:\/\/www.lanochedelloro.es\/wp-content\/uploads\/2017\/12\/33oujdDescenso.png\">Oujdad: descenso<\/a><\/li>\n<li><a href=\"https:\/\/www.lanochedelloro.es\/wp-content\/uploads\/2017\/12\/34oujdScoiattoli.pdf\">Oujdad: 70 scoiattoli<\/a><\/li>\n<li><a href=\"https:\/\/www.lanochedelloro.es\/wp-content\/uploads\/2017\/12\/35oujdScoiattolitxt.pdf\">Oujdad: 70 scoiattoli (caracter\u00edsticas)<\/a><\/li>\n<li><a href=\"https:\/\/www.lanochedelloro.es\/wp-content\/uploads\/2017\/12\/36oujdLittle.jpeg\">Oujdad: A little less conversation<\/a><\/li>\n<li><a href=\"https:\/\/www.lanochedelloro.es\/wp-content\/uploads\/2017\/12\/37oujdBarakuda.png\">Oujdad: Baraccuda<\/a><\/li>\n<li><a href=\"https:\/\/www.lanochedelloro.es\/wp-content\/uploads\/2017\/12\/38oujdBaraka.png\">Oujdad: Baraka<\/a><\/li>\n<li><a href=\"https:\/\/www.lanochedelloro.es\/wp-content\/uploads\/2017\/12\/39oujdDanse.png\">Oujdad: Danse avec les mules<\/a><\/li>\n<li><a href=\"https:\/\/www.lanochedelloro.es\/wp-content\/uploads\/2017\/12\/40oujdDavid.png\">Oujdad: David, no et facis mosso<\/a><\/li>\n<li><a href=\"https:\/\/www.lanochedelloro.es\/wp-content\/uploads\/2017\/12\/41oujdDesconocida.png\">Oujdad: desconocida<\/a><\/li>\n<li><a href=\"https:\/\/www.lanochedelloro.es\/wp-content\/uploads\/2017\/12\/42oujdBarbars.png\">Oujdad: Els b\u00e0rbars<\/a><\/li>\n<li><a href=\"https:\/\/www.lanochedelloro.es\/wp-content\/uploads\/2017\/12\/43oujdEstrella.png\">Oujdad: Estrella roja<\/a><\/li>\n<li><a href=\"https:\/\/www.lanochedelloro.es\/wp-content\/uploads\/2017\/12\/44oujdFerrajet.png\">Oujdad: Ferrajet<\/a><\/li>\n<li><a href=\"https:\/\/www.lanochedelloro.es\/wp-content\/uploads\/2017\/12\/45oujdFissureg.png\">Oujdad: Fissure de gauche<\/a><\/li>\n<li><a href=\"https:\/\/www.lanochedelloro.es\/wp-content\/uploads\/2017\/12\/46oujdEste.jpeg\">Oujdad: foto cara este<\/a><\/li>\n<li><a href=\"https:\/\/www.lanochedelloro.es\/wp-content\/uploads\/2017\/12\/47oujdNorte.jpeg\">Oujdad: foto cara norte<\/a><\/li>\n<li><a href=\"https:\/\/www.lanochedelloro.es\/wp-content\/uploads\/2017\/12\/48oujdOeste.jpeg\">Oujdad: foto cara oeste<\/a><\/li>\n<li><a href=\"https:\/\/www.lanochedelloro.es\/wp-content\/uploads\/2017\/12\/49oujdJoselito.png\">Oujdad: Joselito el ruise\u00f1or<\/a><\/li>\n<li><a href=\"https:\/\/www.lanochedelloro.es\/wp-content\/uploads\/2017\/12\/50oujdAgonie.jpeg\">Oujdad: L\u2019agonie de Dzida<\/a><\/li>\n<li><a href=\"https:\/\/www.lanochedelloro.es\/wp-content\/uploads\/2017\/12\/51oujdMano.png\">Oujdad: La mano de Maroc<\/a><\/li>\n<li><a href=\"https:\/\/www.lanochedelloro.es\/wp-content\/uploads\/2017\/12\/52oujdRatones.png\">Oujdad: Los ratones coloraos<\/a><\/li>\n<li><a href=\"https:\/\/www.lanochedelloro.es\/wp-content\/uploads\/2017\/12\/53oujdLunabereber.jpeg\">Oujdad: Luna bereber<\/a><\/li>\n<li><a href=\"https:\/\/www.lanochedelloro.es\/wp-content\/uploads\/2017\/12\/54oujdLunabereber.jpeg\">Oujdad: Luna bereber (foto)<\/a><\/li>\n<li><a href=\"https:\/\/www.lanochedelloro.es\/wp-content\/uploads\/2017\/12\/55oujdNomadas.png\">Oujdad: N\u00f3madas del viento<\/a><\/li>\n<li><a href=\"https:\/\/www.lanochedelloro.es\/wp-content\/uploads\/2017\/12\/56oujdPilierS.png\">Oujdad: Pilier Sud<\/a><\/li>\n<li><a href=\"https:\/\/www.lanochedelloro.es\/wp-content\/uploads\/2017\/12\/57oujdRamadan.png\">Oujdad: Ramadan<\/a><\/li>\n<li><a href=\"https:\/\/www.lanochedelloro.es\/wp-content\/uploads\/2017\/12\/59oujdSenzillament.png\">Oujdad: Senzillament dif\u00edcil d\u2019explicar<\/a><\/li>\n<li><a href=\"https:\/\/www.lanochedelloro.es\/wp-content\/uploads\/2017\/12\/60oujdShucram.png\">Oujdad: Shukram<\/a><\/li>\n<li><a href=\"https:\/\/www.lanochedelloro.es\/wp-content\/uploads\/2017\/12\/58oujdClub.jpeg\">Oujdad: Tout pour le club<\/a><\/li>\n<li><a href=\"https:\/\/www.lanochedelloro.es\/wp-content\/uploads\/2017\/12\/61oujdWhisky.png\">Oujdad: Whisky Berebere<\/a><\/li>\n<li><a href=\"https:\/\/www.lanochedelloro.es\/wp-content\/uploads\/2017\/12\/62cascTchadors.jpeg\">Pared de la Cascada: Deux tchadors sous la lune<\/a><\/li>\n<li><a href=\"https:\/\/www.lanochedelloro.es\/wp-content\/uploads\/2017\/12\/63cascLauraElf.png\">Pared de la Cascada: Elf minuten y Laura<\/a><\/li>\n<li><a href=\"https:\/\/www.lanochedelloro.es\/wp-content\/uploads\/2017\/12\/64cascFoto.jpeg\">Pared de la Cascada: foto<\/a><\/li>\n<li><a href=\"https:\/\/www.lanochedelloro.es\/wp-content\/uploads\/2017\/12\/65cascMaben.png\">Pared de la Cascada: Haben oder sean<\/a><\/li>\n<li><a href=\"https:\/\/www.lanochedelloro.es\/wp-content\/uploads\/2017\/12\/66cascSous.png\">Pared de la Cascada: Sous les toits de la terre<\/a><\/li>\n<li><a href=\"https:\/\/www.lanochedelloro.es\/wp-content\/uploads\/2017\/12\/67sourcesInterrogante.png\">Paroi des sources: \u00bf?<\/a><\/li>\n<li><a href=\"https:\/\/www.lanochedelloro.es\/wp-content\/uploads\/2017\/12\/68sourcesBelle.png\">Paroi des sources: Belle et berebere<\/a><\/li>\n<li><a href=\"https:\/\/www.lanochedelloro.es\/wp-content\/uploads\/2017\/12\/69sourcesBelleinfo.png\">Paroi des sources: Belle et berebere (info)<\/a><\/li>\n<li><a href=\"https:\/\/www.lanochedelloro.es\/wp-content\/uploads\/2017\/12\/70sourcesClasse.png\">Paroi des sources: Classe montagne epinal<\/a><\/li>\n<li><a href=\"https:\/\/www.lanochedelloro.es\/wp-content\/uploads\/2017\/12\/71sourceInicios.png\">Paroi des sources: inicio de las v\u00edas<\/a><\/li>\n<li><a href=\"https:\/\/www.lanochedelloro.es\/wp-content\/uploads\/2017\/12\/72sourcesReve.png\">Paroi des sources: Le r\u00eave d\u2019Aicha<\/a><\/li>\n<li><a href=\"https:\/\/www.lanochedelloro.es\/wp-content\/uploads\/2017\/12\/73sourcesZebda.png\">Paroi des sources: Zebda<\/a><\/li>\n<li><a href=\"https:\/\/www.lanochedelloro.es\/wp-content\/uploads\/2017\/12\/74tadraMap.png\">Tadrarate: acceso mapa<\/a><\/li>\n<li><a href=\"https:\/\/www.lanochedelloro.es\/wp-content\/uploads\/2017\/12\/75tadraAxe.png\">Tadrarate: L\u2019axe du mal<\/a><\/li>\n<li><a href=\"https:\/\/www.lanochedelloro.es\/wp-content\/uploads\/2017\/12\/76tadraTempesta.png\">Tadrarate: La tempesta<\/a><\/li>\n<li><a href=\"https:\/\/www.lanochedelloro.es\/wp-content\/uploads\/2017\/12\/77tadraCarnaval.png\">Tadrarate: Le grand carnaval<\/a><\/li>\n<li><a href=\"https:\/\/www.lanochedelloro.es\/wp-content\/uploads\/2017\/12\/78tadraViento.png\">Tadrarate: Lo que el viento se llev\u00f3<\/a><\/li>\n<li><a href=\"https:\/\/www.lanochedelloro.es\/wp-content\/uploads\/2017\/12\/79tadraMerci.png\">Tadrarate: Merci Magali<\/a><\/li>\n<li><a href=\"https:\/\/www.lanochedelloro.es\/wp-content\/uploads\/2017\/12\/80tadraRaum.png\">Tadrarate: Raum der w\u00fcnsche<\/a><\/li>\n<li><a href=\"https:\/\/www.lanochedelloro.es\/wp-content\/uploads\/2017\/12\/81tadraRaumfot.jpg\">Tadrarate: Raum der w\u00fcnsche (foto)<\/a><\/li>\n<li><a href=\"https:\/\/www.lanochedelloro.es\/wp-content\/uploads\/2017\/12\/82tadraRouge.png\">Tadrarate: Rouge Berebere<\/a><\/li>\n<li><a href=\"https:\/\/www.lanochedelloro.es\/wp-content\/uploads\/2017\/12\/83tadraSkylarking.png\">Tadrarate: Skylarking<\/a><\/li>\n<li><a href=\"https:\/\/www.lanochedelloro.es\/wp-content\/uploads\/2017\/12\/84tadraSkylarking.jpeg\">Tadrarate: Skylarking (foto)<\/a><\/li>\n<li><a href=\"https:\/\/www.lanochedelloro.es\/wp-content\/uploads\/2017\/12\/85tadraFilo.png\">Tadrarate: Sul filo de la notte<\/a><\/li>\n<li><a href=\"https:\/\/www.lanochedelloro.es\/wp-content\/uploads\/2017\/12\/86tadraTaghine.png\">Tadrarate: Taghine casolana<\/a><\/li>\n<li><a href=\"https:\/\/www.lanochedelloro.es\/wp-content\/uploads\/2017\/12\/87tadraWidmo.png\">Tadrarate: Widmo<\/a><\/li>\n<li><a href=\"https:\/\/www.lanochedelloro.es\/wp-content\/uploads\/2017\/12\/88tagoujAndalus.png\">Tagoujimt n\u2019Tsou\u00efant: Al Andalus<\/a><\/li>\n<li><a href=\"https:\/\/www.lanochedelloro.es\/wp-content\/uploads\/2017\/12\/89tagoujAlo.png\">Tagoujimt n\u2019Tsou\u00efant: Alo Monic<\/a><\/li>\n<li><a href=\"https:\/\/www.lanochedelloro.es\/wp-content\/uploads\/2017\/12\/90tagoujBabel.jpg\">Tagoujimt n\u2019Tsou\u00efant: Babel<\/a><\/li>\n<li><a href=\"https:\/\/www.lanochedelloro.es\/wp-content\/uploads\/2017\/12\/91tagoujBakshis.png\">Tagoujimt n\u2019Tsou\u00efant: Bakshis<\/a><\/li>\n<li><a href=\"https:\/\/www.lanochedelloro.es\/wp-content\/uploads\/2017\/12\/92tagoujBismilah.png\">Tagoujimt n\u2019Tsou\u00efant: Bismilah<\/a><\/li>\n<li><a href=\"https:\/\/www.lanochedelloro.es\/wp-content\/uploads\/2017\/12\/93tagoujBatizu.png\">Tagoujimt n\u2019Tsou\u00efant: Diedro Batizu<\/a><\/li>\n<li><a href=\"https:\/\/www.lanochedelloro.es\/wp-content\/uploads\/2017\/12\/94tagoujEterno.png\">Tagoujimt n\u2019Tsou\u00efant: El eterno femenino<\/a><\/li>\n<li><a href=\"https:\/\/www.lanochedelloro.es\/wp-content\/uploads\/2017\/12\/95tagoujFantasia.png\">Tagoujimt n\u2019Tsou\u00efant: Fantasia<\/a><\/li>\n<li><a href=\"https:\/\/www.lanochedelloro.es\/wp-content\/uploads\/2017\/12\/96tagoujFoto.jpeg\">Tagoujimt n\u2019Tsou\u00efant: foto<\/a><\/li>\n<li><a href=\"https:\/\/www.lanochedelloro.es\/wp-content\/uploads\/2017\/12\/97tagoujIstrid.png\">Tagoujimt n\u2019Tsou\u00efant: Istrid Astrif<\/a><\/li>\n<li><a href=\"https:\/\/www.lanochedelloro.es\/wp-content\/uploads\/2017\/12\/98tagoujKetama.png\">Tagoujimt n\u2019Tsou\u00efant: Ketama qui parle<\/a><\/li>\n<li><a href=\"https:\/\/www.lanochedelloro.es\/wp-content\/uploads\/2017\/12\/99tagoujLabas.png\">Tagoujimt n\u2019Tsou\u00efant: La bas<\/a><\/li>\n<li><a href=\"https:\/\/www.lanochedelloro.es\/wp-content\/uploads\/2017\/12\/100tagoujMago.png\">Tagoujimt n\u2019Tsou\u00efant: Mago Merlino<\/a><\/li>\n<li><a href=\"https:\/\/www.lanochedelloro.es\/wp-content\/uploads\/2017\/12\/101tagoujPinny1.png\">Tagoujimt n\u2019Tsou\u00efant: Pinny winny (rese\u00f1a 1)<\/a><\/li>\n<li><a href=\"https:\/\/www.lanochedelloro.es\/wp-content\/uploads\/2017\/12\/102tagoujPinny2.png\">Tagoujimt n\u2019Tsou\u00efant: Pinny winny (rese\u00f1a 2)<\/a><\/li>\n<li><a href=\"https:\/\/www.lanochedelloro.es\/wp-content\/uploads\/2017\/12\/103tagoujPinny3.png\">Tagoujimt n\u2019Tsou\u00efant: Pinny winny (rese\u00f1a 3)<\/a><\/li>\n<li><a href=\"https:\/\/www.lanochedelloro.es\/wp-content\/uploads\/2017\/12\/104tagoujTamdoine.png\">Tagoujimt n\u2019Tsou\u00efant: Tamdoine<\/a><\/li>\n<li><a href=\"https:\/\/www.lanochedelloro.es\/wp-content\/uploads\/2017\/12\/105tagoujTeixonera.png\">Tagoujimt n\u2019Tsou\u00efant: Teixonera<\/a><\/li>\n<li><a href=\"https:\/\/www.lanochedelloro.es\/wp-content\/uploads\/2017\/12\/106tagoujSostre.png\">Tagoujimt n\u2019Tsou\u00efant: V\u00eda del techo<\/a><\/li>\n<li><a href=\"https:\/\/www.lanochedelloro.es\/wp-content\/uploads\/2017\/12\/107tamzaCoup.jpeg\">Tamzazate: Un petit coup de rouge<\/a><\/li>\n<li><a href=\"https:\/\/www.lanochedelloro.es\/wp-content\/uploads\/2017\/12\/108tamzaFoto.jpeg\">Tamzazate: foto<\/a><\/li>\n<li><a href=\"https:\/\/www.lanochedelloro.es\/wp-content\/uploads\/2017\/12\/109tamzaAne.png\">Tamzazate: L\u2019\u00e2ne sale<\/a><\/li>\n<li><a href=\"https:\/\/www.lanochedelloro.es\/wp-content\/uploads\/2017\/12\/110machkDernieres.png\">Falaise de Machkour: Derni\u00e8res balises avant mutation<\/a><\/li>\n<li><a href=\"https:\/\/www.lanochedelloro.es\/wp-content\/uploads\/2017\/12\/111machkNever.jpeg\">Falaise de Machkour: Never ending story<\/a><\/li>\n<li><a href=\"https:\/\/www.lanochedelloro.es\/wp-content\/uploads\/2017\/12\/112taoujMapa.png\">Taoujdad: acceso mapa<\/a><\/li>\n<li><a href=\"https:\/\/www.lanochedelloro.es\/wp-content\/uploads\/2017\/12\/113taoujdAccDes.png\">Taoujdad: acceso y descenso<\/a><\/li>\n<li><a href=\"https:\/\/www.lanochedelloro.es\/wp-content\/uploads\/2017\/12\/114taoujBoire.png\">Taoujdad: Au boire, j\u2019e tu\u00e9 ton chien<\/a><\/li>\n<li><a href=\"https:\/\/www.lanochedelloro.es\/wp-content\/uploads\/2017\/12\/115taoujReforme.png\">Taoujdad: Au nom de la reforme<\/a><\/li>\n<li><a href=\"https:\/\/www.lanochedelloro.es\/wp-content\/uploads\/2017\/12\/116taoujReformeFoto.jpeg\">Taoujdad: Au nom de la reforme (foto)<\/a><\/li>\n<li><a href=\"https:\/\/www.lanochedelloro.es\/wp-content\/uploads\/2017\/12\/117taoujNorteFoto.jpeg\">Taoujdad: cara norte v\u00edas 1 (foto)<\/a><\/li>\n<li><a href=\"https:\/\/www.lanochedelloro.es\/wp-content\/uploads\/2017\/12\/118taoujNorte.png\">Taoujdad: cara norte v\u00edas 2<\/a><\/li>\n<li><a href=\"https:\/\/www.lanochedelloro.es\/wp-content\/uploads\/2018\/05\/1taoujdadChampion.jpg\">Taoujdad: Champion du Maroc<\/a> (I.Bisbal)<\/li>\n<li><a href=\"https:\/\/www.lanochedelloro.es\/wp-content\/uploads\/2018\/05\/2taoujdadChampionFoto.jpg\">Taoujdad: Champion du Maroc (foto)<\/a> (I.Bisbal)<\/li>\n<li><a href=\"https:\/\/www.lanochedelloro.es\/wp-content\/uploads\/2017\/12\/119taoujFata.png\">Taoujdad: D\u2019Antonion et les trois mousquetaires; Fata <\/a><a href=\"https:\/\/www.lanochedelloro.es\/wp-content\/uploads\/2017\/12\/119taoujFata.png\">Morgana y Mastermind<\/a><\/li>\n<li><a href=\"https:\/\/www.lanochedelloro.es\/wp-content\/uploads\/2017\/12\/120taoujDiluvio.png\">Taoujdad: Diluvio en el fin del mundo<\/a><\/li>\n<li><a href=\"https:\/\/www.lanochedelloro.es\/wp-content\/uploads\/2017\/12\/121taoujFaceouest.png\">Taoujdad: face ouest- Voie de la grotte<\/a><\/li>\n<li><a href=\"https:\/\/www.lanochedelloro.es\/wp-content\/uploads\/2017\/12\/122taoujJamiro.png\">Taoujdad: Jamiro<\/a><\/li>\n<li><a href=\"https:\/\/www.lanochedelloro.es\/wp-content\/uploads\/2017\/12\/123taoujJuniors.png\">Taoujdad: Juniors<\/a><\/li>\n<li><a href=\"https:\/\/www.lanochedelloro.es\/wp-content\/uploads\/2017\/12\/124taoujRivieres.png\">Taoujdad: Les rivi\u00e8res pourpres<\/a><\/li>\n<li><a href=\"https:\/\/www.lanochedelloro.es\/wp-content\/uploads\/2017\/12\/125taoujPaqui.png\">Taoujdad: Paqui god<\/a><\/li>\n<li><a href=\"https:\/\/www.lanochedelloro.es\/wp-content\/uploads\/2017\/12\/126taoujPilarNO.png\">Taoujdad: Pilar Noroeste<\/a><\/li>\n<li><a href=\"https:\/\/www.lanochedelloro.es\/wp-content\/uploads\/2017\/12\/127taoujStae.png\">Taoujdad: Stae<\/a><\/li>\n<li><a href=\"https:\/\/www.lanochedelloro.es\/wp-content\/uploads\/2017\/12\/128taoujTerra.png\">Taoujdad: Terra de vents<\/a><\/li>\n<li><a href=\"https:\/\/www.lanochedelloro.es\/wp-content\/uploads\/2017\/12\/129taoujWelcome.png\">Taoujdad: Welcome to Tifwina<\/a><\/li>\n<li><a href=\"https:\/\/www.lanochedelloro.es\/wp-content\/uploads\/2017\/12\/130timraMap.png\">Timrazine Canyon: mapa<\/a><\/li>\n<li><a href=\"https:\/\/www.lanochedelloro.es\/wp-content\/uploads\/2017\/12\/131timraAcces.png\">Timrazine Canyon: acceso y descenso<\/a><\/li>\n<li><a href=\"https:\/\/www.lanochedelloro.es\/wp-content\/uploads\/2017\/12\/132timraApache.png\">Timrazine Canyon: Canyon Apache<\/a><\/li>\n<li><a href=\"https:\/\/www.lanochedelloro.es\/wp-content\/uploads\/2017\/12\/133timraPikort.png\">Timrazine Canyon: Diedro Pikort<\/a><\/li>\n<li><a href=\"https:\/\/www.lanochedelloro.es\/wp-content\/uploads\/2017\/12\/134timraEnfant.png\">Timrazine Canyon: L\u2019enfant de sable<\/a><\/li>\n<li><a href=\"https:\/\/www.lanochedelloro.es\/wp-content\/uploads\/2017\/12\/135timraRetour.png\">Timrazine Canyon: Le retour des infid\u00e8les<\/a><\/li>\n<li><a href=\"https:\/\/www.lanochedelloro.es\/wp-content\/uploads\/2017\/12\/136timraLibiti.png\">Timrazine Canyon: Libitti bito<\/a><\/li>\n<li><a href=\"https:\/\/www.lanochedelloro.es\/wp-content\/uploads\/2017\/12\/137timraPrincesas.png\">Timrazine Canyon: Princesas de Msmrir<\/a><\/li>\n<li><a href=\"https:\/\/www.lanochedelloro.es\/wp-content\/uploads\/2017\/12\/138timraTrompeten.jpeg\">Timrazine Canyon: Trompetenk\u00e4fer<\/a><\/li>\n<li><a href=\"https:\/\/www.lanochedelloro.es\/wp-content\/uploads\/2017\/12\/139deporMapa.png\">Sectores deportivos mapa<\/a><\/li>\n<li><a href=\"https:\/\/www.lanochedelloro.es\/wp-content\/uploads\/2017\/12\/140deporMadrassa.png\">Al Madrassa croquis, sector deportivo<\/a><\/li>\n<li><a href=\"https:\/\/www.lanochedelloro.es\/wp-content\/uploads\/2017\/12\/141deporMadrasatxt.jpeg\">Al Madrassa texto, sector deportivo<\/a><\/li>\n<li><a href=\"https:\/\/www.lanochedelloro.es\/wp-content\/uploads\/2017\/12\/142deporCascade.png\">Amazza-La Cascada, sector deportivo<\/a><\/li>\n<li><a href=\"https:\/\/www.lanochedelloro.es\/wp-content\/uploads\/2017\/12\/143deporOujdad.png\">Oujdad, sector deportivo<\/a><\/li>\n<li><a href=\"https:\/\/www.lanochedelloro.es\/wp-content\/uploads\/2017\/12\/144deporSources.png\">Paroi des sources, sector deportivo<\/a><\/li>\n<\/ul>\n","protected":false},"excerpt":{"rendered":"<p>Para situar las v\u00edas en las fotos seg\u00fan la numeraci\u00f3n que aparece en estas, consultar aqui. Acceso a Zaouia (mapa) Acceso alternativo Circo de Taghia (mapa) Akka n\u2019Tazarte (acceso) Akka n\u2019Tazarte: 3 anes et un coup fin Akka n\u2019Tazarte: Amazigh Akka n\u2019Tazarte: Berbere pepere Akka n\u2019Tazarte: Berbere pepere (foto) Akka n\u2019Tazarte: Betaxi, beti gure bihotzetan &hellip; <a href=\"https:\/\/www.lanochedelloro.es\/index.php\/taghia-2\/\" class=\"more-link\">Seguir leyendo <span class=\"screen-reader-text\">TAGHIA<\/span> <span class=\"meta-nav\">&rarr;<\/span><\/a><\/p>\n","protected":false},"author":1,"featured_media":4555,"parent":0,"menu_order":0,"comment_status":"closed","ping_status":"closed","template":"","meta":{"footnotes":""},"class_list":["post-3139","page","type-page","status-publish","has-post-thumbnail","hentry"],"_links":{"self":[{"href":"https:\/\/www.lanochedelloro.es\/index.php\/wp-json\/wp\/v2\/pages\/3139","targetHints":{"allow":["GET"]}}],"collection":[{"href":"https:\/\/www.lanochedelloro.es\/index.php\/wp-json\/wp\/v2\/pages"}],"about":[{"href":"https:\/\/www.lanochedelloro.es\/index.php\/wp-json\/wp\/v2\/types\/page"}],"author":[{"embeddable":true,"href":"https:\/\/www.lanochedelloro.es\/index.php\/wp-json\/wp\/v2\/users\/1"}],"replies":[{"embeddable":true,"href":"https:\/\/www.lanochedelloro.es\/index.php\/wp-json\/wp\/v2\/comments?post=3139"}],"version-history":[{"count":15,"href":"https:\/\/www.lanochedelloro.es\/index.php\/wp-json\/wp\/v2\/pages\/3139\/revisions"}],"predecessor-version":[{"id":3748,"href":"https:\/\/www.lanochedelloro.es\/index.php\/wp-json\/wp\/v2\/pages\/3139\/revisions\/3748"}],"wp:featuredmedia":[{"embeddable":true,"href":"https:\/\/www.lanochedelloro.es\/index.php\/wp-json\/wp\/v2\/media\/4555"}],"wp:attachment":[{"href":"https:\/\/www.lanochedelloro.es\/index.php\/wp-json\/wp\/v2\/media?parent=3139"}],"curies":[{"name":"wp","href":"https:\/\/api.w.org\/{rel}","templated":true}]}}