{"id":309,"date":"2016-12-20T11:40:23","date_gmt":"2016-12-20T11:40:23","guid":{"rendered":"http:\/\/www.lanochedelloro.es\/?page_id=309"},"modified":"2025-06-09T15:19:34","modified_gmt":"2025-06-09T15:19:34","slug":"abella-de-la-conca","status":"publish","type":"page","link":"https:\/\/www.lanochedelloro.es\/index.php\/abella-de-la-conca\/","title":{"rendered":"ABELLA DE LA CONCA"},"content":{"rendered":"<ul>\n<li><a href=\"https:\/\/www.lanochedelloro.es\/wp-content\/uploads\/2025\/06\/17MRL.jpg\">Ajagudes: MRL (rese\u00f1a)<\/a>\u00a0 <a href=\"https:\/\/www.lanochedelloro.es\/wp-content\/uploads\/2025\/06\/16MRL.png\">(foto)<\/a>\u00a0 (A.Bruzy)<\/li>\n<li><a href=\"https:\/\/www.lanochedelloro.es\/wp-content\/uploads\/2017\/03\/1boixolsBalco.jpg\">Boixols: El balc\u00f3 del voltor<\/a><\/li>\n<li><a href=\"https:\/\/www.lanochedelloro.es\/wp-content\/uploads\/2021\/07\/1TriangleFilibert.jpg\">Comiols-El Triangle: Filiberto<\/a> (R.Bresc\u00f3)<\/li>\n<li><a href=\"https:\/\/www.lanochedelloro.es\/wp-content\/uploads\/2017\/03\/2corneliBonpas.png\">Muntanya de Sant Corneli: Bon pas<\/a><\/li>\n<li><a href=\"https:\/\/www.lanochedelloro.es\/wp-content\/uploads\/2017\/03\/3corneliFoto.jpg\">Muntanya de Sant Corneli: foto<\/a><\/li>\n<li><a href=\"https:\/\/www.lanochedelloro.es\/wp-content\/uploads\/2017\/03\/4corneliPrintemps.png\">Muntanya de Sant Corneli: Le retour du printemps<\/a><\/li>\n<li><a href=\"https:\/\/www.lanochedelloro.es\/wp-content\/uploads\/2017\/03\/5corneliMapa1.png\">Muntanya de Sant Corneli: mapa I<\/a><\/li>\n<li><a href=\"https:\/\/www.lanochedelloro.es\/wp-content\/uploads\/2017\/03\/6corneliMapa2.png\">Muntanya de Sant Corneli: mapa II<\/a><\/li>\n<li><a href=\"https:\/\/www.lanochedelloro.es\/wp-content\/uploads\/2020\/02\/1ABenaventCerda.jpg\">Agulla de Benavent (Comiols): Joan Cerd\u00e0<\/a><\/li>\n<li><a href=\"https:\/\/www.lanochedelloro.es\/wp-content\/uploads\/2020\/02\/2ABenaventPolizei.jpg\">Agulla de Benavent (Comiols): Polizei<\/a><\/li>\n<li><a href=\"https:\/\/www.lanochedelloro.es\/wp-content\/uploads\/2017\/03\/7benaventChiricaua.png\">Roc de Benavent: Chiricahua Roc<\/a><\/li>\n<li><a href=\"https:\/\/www.lanochedelloro.es\/wp-content\/uploads\/2017\/03\/8benaventChiricaua.jpg\">Roc de Benavent: Chiricahua Roc (foto)<\/a><\/li>\n<li><a href=\"https:\/\/www.lanochedelloro.es\/wp-content\/uploads\/2017\/03\/9benaventChiricauamapa.png\">Roc de Benavent: Chiricahua Roc (mapa)<\/a><\/li>\n<li><a href=\"https:\/\/www.lanochedelloro.es\/wp-content\/uploads\/2021\/01\/5AbellaNormal.jpg\">Roc de Benavent: No es normal<\/a> (R.Bresc\u00f3)<\/li>\n<li><a href=\"https:\/\/www.lanochedelloro.es\/wp-content\/uploads\/2017\/03\/10blancaKaruna.png\">Roca Blanca: Karuna<\/a><\/li>\n<li><a href=\"https:\/\/www.lanochedelloro.es\/wp-content\/uploads\/2017\/03\/11blancaKarunafoto.jpg\">Roca Blanca: Karuna (foto)<\/a><\/li>\n<li><a href=\"https:\/\/www.lanochedelloro.es\/wp-content\/uploads\/2017\/03\/12blancaKarunamapa.png\">Roca Blanca: Karuna (mapa)<\/a><\/li>\n<li><a href=\"https:\/\/www.lanochedelloro.es\/wp-content\/uploads\/2025\/06\/19Ant.jpg\">Roca Vella: Antoine\u00a0 (rese\u00f1a)<\/a>\u00a0 <a href=\"https:\/\/www.lanochedelloro.es\/wp-content\/uploads\/2025\/06\/18Ant.png\">(foto)<\/a> (A.Bruzy)<\/li>\n<li><a href=\"https:\/\/www.lanochedelloro.es\/wp-content\/uploads\/2017\/03\/13viellaAresta.jpg\">Roca Viella: Aresta <span style=\"color: #000000;\">(R.Bresc\u00f3)<\/span><\/a><\/li>\n<li><a href=\"https:\/\/www.lanochedelloro.es\/wp-content\/uploads\/2017\/03\/14viellaGutierrez.png\">Roca Viella: Guti\u00e9rrez, lo puto amo<\/a><\/li>\n<li><a href=\"https:\/\/www.lanochedelloro.es\/wp-content\/uploads\/2017\/03\/15viellaVirgin.png\">Roca Viella: Like a virgin<\/a><\/li>\n<li><a href=\"https:\/\/www.lanochedelloro.es\/wp-content\/uploads\/2017\/03\/16viellaVirginfoto.jpg\">Roca Viella: Like a virgin (foto)<\/a><\/li>\n<li><a href=\"https:\/\/www.lanochedelloro.es\/wp-content\/uploads\/2017\/03\/17viellaNeskaragalls.png\">Roca Viella: Neskaragalls<\/a><\/li>\n<li><a href=\"https:\/\/www.lanochedelloro.es\/wp-content\/uploads\/2017\/03\/18viellaPlacabase.png\">Roca Viella: Placa Base <\/a><\/li>\n<li><a href=\"https:\/\/www.lanochedelloro.es\/wp-content\/uploads\/2017\/03\/19viellaPlacabasefoto.jpg\">Roca Viella: Placa Base (foto)<\/a> (R.Bresc\u00f3)<\/li>\n<li><a href=\"https:\/\/www.lanochedelloro.es\/wp-content\/uploads\/2017\/03\/20viellaGrandia.jpg\">Roca Viella: Un gran d\u00eda<\/a> (R.Bresc\u00f3)<\/li>\n<li><a href=\"https:\/\/www.lanochedelloro.es\/wp-content\/uploads\/2017\/03\/21ajagudesPerduts.jpg\">Sector Ajagudes: Perduts <\/a>(R.Bresc\u00f3)<\/li>\n<li><a href=\"https:\/\/www.lanochedelloro.es\/wp-content\/uploads\/2017\/03\/22pontsKinpont.png\">Sector Ponts: Kin pont de rock<\/a><\/li>\n<li><a href=\"https:\/\/www.lanochedelloro.es\/wp-content\/uploads\/2017\/03\/23venusMarco.png\">Sector Venus: Marco<\/a><\/li>\n<li><a href=\"https:\/\/www.lanochedelloro.es\/wp-content\/uploads\/2017\/03\/24cvigilantCanalons.png\">Serra de Carr\u00e0nima-el Vigilant: Canalons<\/a> (R.Bresc\u00f3)<\/li>\n<li><a href=\"https:\/\/www.lanochedelloro.es\/wp-content\/uploads\/2017\/03\/25vigilantCanalonsfoto.jpg\">Serra de Carr\u00e0nima-el Vigilant: Canalons (foto)<\/a> (R.Bresc\u00f3)<\/li>\n<li><a href=\"https:\/\/www.lanochedelloro.es\/wp-content\/uploads\/2017\/03\/26carranimaGossos.png\">Serra de Carr\u00e0nima: 20000 gossos<\/a> (R.Bresc\u00f3)<\/li>\n<li><a href=\"https:\/\/www.lanochedelloro.es\/wp-content\/uploads\/2017\/03\/27carranimaAina.jpg\">Serra de Carr\u00e0nima: Aina<\/a> (J.As\u00edn)<\/li>\n<li><a href=\"https:\/\/www.lanochedelloro.es\/wp-content\/uploads\/2017\/03\/28carranimaKantarin.png\">Serra de Carr\u00e0nima: Diedre kantarin<\/a> (J.As\u00edn)<\/li>\n<li><a href=\"https:\/\/www.lanochedelloro.es\/wp-content\/uploads\/2017\/03\/29carranimaKantarinfoto.jpg\">Serra de Carr\u00e0nima: Diedre kantarin (foto)<\/a><\/li>\n<li><a href=\"https:\/\/www.lanochedelloro.es\/wp-content\/uploads\/2018\/05\/1carranimaEmilio.pdf\">Serra de Carr\u00e0nima: Emilio Amor<\/a> (T.Arag\u00f3n)<\/li>\n<li><a href=\"https:\/\/www.lanochedelloro.es\/wp-content\/uploads\/2017\/03\/30carranimaDella.png\">Serra de Carr\u00e0nima: Esper\u00f3 dell\u00e0<\/a><\/li>\n<li><a href=\"https:\/\/www.lanochedelloro.es\/wp-content\/uploads\/2017\/03\/31carranimaDellafoto1.jpg\">Serra de Carr\u00e0nima: Esper\u00f3 dell\u00e0 (foto I)<\/a><\/li>\n<li><a href=\"https:\/\/www.lanochedelloro.es\/wp-content\/uploads\/2017\/03\/32carranimaDellafoto2.jpg\">Serra de Carr\u00e0nima: Esper\u00f3 dell\u00e0 (foto II)<\/a><\/li>\n<li><a href=\"https:\/\/www.lanochedelloro.es\/wp-content\/uploads\/2017\/03\/33carranimaInner.jpg\">Serra de Carr\u00e0nima: Inner<\/a> (R.Bresc\u00f3)<\/li>\n<li><a href=\"https:\/\/www.lanochedelloro.es\/wp-content\/uploads\/2017\/03\/34carranimaElefant.jpg\">Serra de Carr\u00e0nima: L\u2019ull de l\u2019elefant<\/a> (R.Bresc\u00f3)<\/li>\n<li><a href=\"https:\/\/www.lanochedelloro.es\/wp-content\/uploads\/2017\/03\/35carranimaMapa.png\">Serra de Carr\u00e0nima: mapa<\/a><\/li>\n<li><a href=\"https:\/\/www.lanochedelloro.es\/wp-content\/uploads\/2018\/05\/2carranimaRemigius.jpg\">Serra de Carr\u00e0nima: Remigius<\/a> (R.Bresc\u00f3)<\/li>\n<li><a href=\"https:\/\/www.lanochedelloro.es\/wp-content\/uploads\/2018\/05\/3carranimarip.jpg\">Serra de Carr\u00e0nima: Rip Kirby<\/a> (R.Bresc\u00f3)<\/li>\n<li><a href=\"https:\/\/www.lanochedelloro.es\/wp-content\/uploads\/2017\/03\/36carranimaTempus.jpg\">Serra de Carr\u00e0nima: Tempus fugit<\/a> (J.As\u00edn)<\/li>\n<li><a href=\"https:\/\/www.lanochedelloro.es\/wp-content\/uploads\/2017\/03\/37carreuBodorrio.png\">Serra de Carreu: El bodorrio<\/a><\/li>\n<li><a href=\"https:\/\/www.lanochedelloro.es\/wp-content\/uploads\/2022\/08\/1CarreuPassarell.jpg\">Serra de Carreu: El Cap i el Passarell amb els ous al clatell<\/a><\/li>\n<li><a href=\"https:\/\/www.lanochedelloro.es\/wp-content\/uploads\/2017\/03\/38carreuNicontigo.png\">Serra de Carreu: Ni contigo ni sintigui<\/a><\/li>\n<li><a href=\"https:\/\/www.lanochedelloro.es\/wp-content\/uploads\/2019\/02\/6carreuOmbres.jpg\">Serra de Carreu: Ombres de tardor<\/a> (T.Ram\u00edrez)<\/li>\n<li><a href=\"https:\/\/www.lanochedelloro.es\/wp-content\/uploads\/2017\/03\/39carreunavajo.png\">Serra de Carreu: Reserva Navajo<\/a> (J.Vidal)<\/li>\n<li><a href=\"https:\/\/www.lanochedelloro.es\/wp-content\/uploads\/2018\/05\/4pontspanterarosa.jpg\">Sector Ponts: Lla\u00e7 groc y Pantera rosa<\/a> (J.Barald\u00e9s)<\/li>\n<li><a href=\"https:\/\/www.lanochedelloro.es\/wp-content\/uploads\/2017\/03\/40txicaLapepa.jpg\">Torre Xica: La Pepa<\/a> (J.Barald\u00e9s)<\/li>\n<li><a href=\"https:\/\/www.lanochedelloro.es\/wp-content\/uploads\/2017\/03\/41txicaMariquita.jpg\">Torre Xica: Mariquita P\u00e9rez<\/a> (R.Bresc\u00f3)<\/li>\n<li><a href=\"https:\/\/www.lanochedelloro.es\/wp-content\/uploads\/2017\/03\/42txicaYolanda.jpg\">Torre Xica: Yolanda Cort\u00e9s<\/a> (J.Barald\u00e9s)<\/li>\n<\/ul>\n","protected":false},"excerpt":{"rendered":"<p>Ajagudes: MRL (rese\u00f1a)\u00a0 (foto)\u00a0 (A.Bruzy) Boixols: El balc\u00f3 del voltor Comiols-El Triangle: Filiberto (R.Bresc\u00f3) Muntanya de Sant Corneli: Bon pas Muntanya de Sant Corneli: foto Muntanya de Sant Corneli: Le retour du printemps Muntanya de Sant Corneli: mapa I Muntanya de Sant Corneli: mapa II Agulla de Benavent (Comiols): Joan Cerd\u00e0 Agulla de Benavent (Comiols): &hellip; <a href=\"https:\/\/www.lanochedelloro.es\/index.php\/abella-de-la-conca\/\" class=\"more-link\">Seguir leyendo <span class=\"screen-reader-text\">ABELLA DE LA CONCA<\/span> <span class=\"meta-nav\">&rarr;<\/span><\/a><\/p>\n","protected":false},"author":1,"featured_media":4537,"parent":0,"menu_order":0,"comment_status":"closed","ping_status":"closed","template":"","meta":{"footnotes":""},"class_list":["post-309","page","type-page","status-publish","has-post-thumbnail","hentry"],"_links":{"self":[{"href":"https:\/\/www.lanochedelloro.es\/index.php\/wp-json\/wp\/v2\/pages\/309","targetHints":{"allow":["GET"]}}],"collection":[{"href":"https:\/\/www.lanochedelloro.es\/index.php\/wp-json\/wp\/v2\/pages"}],"about":[{"href":"https:\/\/www.lanochedelloro.es\/index.php\/wp-json\/wp\/v2\/types\/page"}],"author":[{"embeddable":true,"href":"https:\/\/www.lanochedelloro.es\/index.php\/wp-json\/wp\/v2\/users\/1"}],"replies":[{"embeddable":true,"href":"https:\/\/www.lanochedelloro.es\/index.php\/wp-json\/wp\/v2\/comments?post=309"}],"version-history":[{"count":13,"href":"https:\/\/www.lanochedelloro.es\/index.php\/wp-json\/wp\/v2\/pages\/309\/revisions"}],"predecessor-version":[{"id":5579,"href":"https:\/\/www.lanochedelloro.es\/index.php\/wp-json\/wp\/v2\/pages\/309\/revisions\/5579"}],"wp:featuredmedia":[{"embeddable":true,"href":"https:\/\/www.lanochedelloro.es\/index.php\/wp-json\/wp\/v2\/media\/4537"}],"wp:attachment":[{"href":"https:\/\/www.lanochedelloro.es\/index.php\/wp-json\/wp\/v2\/media?parent=309"}],"curies":[{"name":"wp","href":"https:\/\/api.w.org\/{rel}","templated":true}]}}