{"id":266,"date":"2016-12-20T11:32:34","date_gmt":"2016-12-20T11:32:34","guid":{"rendered":"http:\/\/www.lanochedelloro.es\/?page_id=266"},"modified":"2021-01-23T18:27:12","modified_gmt":"2021-01-23T18:27:12","slug":"sant-jeroni","status":"publish","type":"page","link":"https:\/\/www.lanochedelloro.es\/index.php\/sant-jeroni\/","title":{"rendered":"SANT JERONI"},"content":{"rendered":"<ul>\n<li><a href=\"https:\/\/www.lanochedelloro.es\/wp-content\/uploads\/2017\/04\/1cavallAnglada.png\">Cavall Bernat: Anglada-Guillam\u00f3n<\/a><\/li>\n<li><a href=\"https:\/\/www.lanochedelloro.es\/wp-content\/uploads\/2017\/04\/2cavallDesiree.png\">Cavall Bernat: Desir\u00e9e<\/a><\/li>\n<li><a href=\"https:\/\/www.lanochedelloro.es\/wp-content\/uploads\/2018\/07\/1cavallXrabat.jpg\">Cavall Bernat: Xavier Rabat<\/a> (Chapi)<\/li>\n<li><a href=\"https:\/\/www.lanochedelloro.es\/wp-content\/uploads\/2017\/04\/3cavallPerez1.png\">Cavall Bernat: P\u00e9rez-Verg\u00e9s1<\/a><\/li>\n<li><a href=\"https:\/\/www.lanochedelloro.es\/wp-content\/uploads\/2017\/04\/4cavallPerez2.png\">Cavall Bernat: P\u00e9rez-Verg\u00e9s2<\/a> (P.Forts)<\/li>\n<li><a href=\"https:\/\/www.lanochedelloro.es\/wp-content\/uploads\/2017\/04\/5cavallPuigmal.png\">Cavall Bernat: Puigmal<\/a><\/li>\n<li><a href=\"https:\/\/www.lanochedelloro.es\/wp-content\/uploads\/2017\/04\/6cavallPunsola.png\">Cavall Bernat: Punsola-Reniu<\/a><\/li>\n<li><a href=\"https:\/\/www.lanochedelloro.es\/wp-content\/uploads\/2017\/04\/7cavallTarrago.jpg\">Cavall Bernat: Grau-Tarrag\u00f3<\/a> (P.Forts)<\/li>\n<li><a href=\"https:\/\/www.lanochedelloro.es\/wp-content\/uploads\/2018\/07\/2chimHermes.jpg\">Chimenea Hermes-Gildo<\/a> (G.Folch)<\/li>\n<li><a href=\"https:\/\/www.lanochedelloro.es\/wp-content\/uploads\/2017\/04\/8camellCa\u00e7ador.png\">El camell: Ca\u00e7ador de balenes<\/a> (J.Vidal)<\/li>\n<li><a href=\"https:\/\/www.lanochedelloro.es\/wp-content\/uploads\/2017\/04\/9gegantWhiskeria.png\">El Gegant Encantat: Whiskeria<\/a> (P.Forts)<\/li>\n<li><a href=\"https:\/\/www.lanochedelloro.es\/wp-content\/uploads\/2017\/04\/10teixosPalma.png\">Escletxa dels Teixos: Palma-Hita<\/a> (D.Hita)<\/li>\n<li><a href=\"https:\/\/www.lanochedelloro.es\/wp-content\/uploads\/2017\/04\/11ganivetLeticia.png\">Ganivet de Diables: Leticia Sabater<\/a> (D.Hita)<\/li>\n<li><a href=\"https:\/\/www.lanochedelloro.es\/wp-content\/uploads\/2017\/04\/12ganivetPaul.png\">Ganivet de Diables: Paul-Gustavo<\/a><\/li>\n<li><a href=\"https:\/\/www.lanochedelloro.es\/wp-content\/uploads\/2017\/04\/13asbastosEolovia.jpg\">L\u2019As de Bastos: Eolovia<\/a> (P.Forts)<\/li>\n<li><a href=\"https:\/\/www.lanochedelloro.es\/wp-content\/uploads\/2017\/04\/14asbastosDansa.png\">L\u2019As de Bastos: La dansa del vent<\/a> (J.Vidal)<\/li>\n<li><a href=\"https:\/\/www.lanochedelloro.es\/wp-content\/uploads\/2017\/04\/15pilotaDribbling.jpg\">La Pilota: Dribbling<\/a> (Germans Mas\u00f3)<\/li>\n<li><a href=\"https:\/\/www.lanochedelloro.es\/wp-content\/uploads\/2017\/04\/16talaiagBastarda.jpg\">La Talaia Gran: La bastarda<\/a> (D.Hita)<\/li>\n<li><a href=\"https:\/\/www.lanochedelloro.es\/wp-content\/uploads\/2017\/04\/17talaiapNihil.png\">La Talaia Petita: Nihil obstat<\/a> (D.Hita)<\/li>\n<li><a href=\"https:\/\/www.lanochedelloro.es\/wp-content\/uploads\/2017\/04\/18talaietaAlquimista.png\">La Talaieta d\u2019en Barb\u00e9: L\u2019alquimista<\/a> (D.Hita)<\/li>\n<li><a href=\"https:\/\/www.lanochedelloro.es\/wp-content\/uploads\/2017\/04\/19mpallaAs.jpg\">Mirador de la Palla: As a la m\u00e0niga<\/a> (A.Mas\u00f3)<\/li>\n<li><a href=\"https:\/\/www.lanochedelloro.es\/wp-content\/uploads\/2017\/04\/20mplecsNectar.jpg\">Mirador dels Plecs del Llibre: N\u00e9ctar solcuit<\/a> (A.Mas\u00f3)<\/li>\n<li><a href=\"https:\/\/www.lanochedelloro.es\/wp-content\/uploads\/2017\/04\/21cajoletaXirucaires.jpg\">Miranda de la Cajoleta: Xirucaires<\/a> (A.Mas\u00f3)<\/li>\n<li><a href=\"https:\/\/www.lanochedelloro.es\/wp-content\/uploads\/2017\/04\/22mantoniAvemaria.png\">Miranda de Sant Antoni: Ave Mar\u00eda purisima<\/a> (D.Hita)<\/li>\n<li><a href=\"https:\/\/www.lanochedelloro.es\/wp-content\/uploads\/2018\/07\/3mirandaPalmahita.jpg\">Miranda de Sant Antoni: Palma-Hita<\/a> (D.Hita)<\/li>\n<li><a href=\"https:\/\/www.lanochedelloro.es\/wp-content\/uploads\/2017\/04\/23aeriAntonio.png\">Paret de l\u2019Aeri: Antonio Garc\u00eda Picazo<\/a><\/li>\n<li><a href=\"https:\/\/www.lanochedelloro.es\/wp-content\/uploads\/2017\/04\/23baeriMachin.png\">Paret de l\u2019Aeri: Antonio Mach\u00edn<\/a><\/li>\n<li><a href=\"https:\/\/www.lanochedelloro.es\/wp-content\/uploads\/2017\/04\/24aeriBarra.png\">Paret de l\u2019Aeri: Barra lliure<\/a><\/li>\n<li><a href=\"https:\/\/www.lanochedelloro.es\/wp-content\/uploads\/2017\/04\/25aeriCristina.jpg\">Paret de l\u2019Aeri: Cristina G\u00f3mez Garc\u00eda<\/a><\/li>\n<li><a href=\"https:\/\/www.lanochedelloro.es\/wp-content\/uploads\/2017\/04\/26aeriEasy.png\">Paret de l\u2019Aeri: Easy rider<\/a><\/li>\n<li><a href=\"https:\/\/www.lanochedelloro.es\/wp-content\/uploads\/2017\/04\/27aeriFragancia.png\">Paret de l\u2019Aeri: Fragancia tropical<\/a><\/li>\n<li><a href=\"https:\/\/www.lanochedelloro.es\/wp-content\/uploads\/2017\/04\/28aeriFraggel.jpg\">Paret de l\u2019Aeri: Fraggel rock<\/a><\/li>\n<li><a href=\"https:\/\/www.lanochedelloro.es\/wp-content\/uploads\/2017\/04\/29aeriGesam.png\">Paret de l\u2019Aeri: GESAM<\/a><\/li>\n<li><a href=\"https:\/\/www.lanochedelloro.es\/wp-content\/uploads\/2017\/04\/30aeriLotus.png\">Paret de l\u2019Aeri: Lotus<\/a> (A.Ballart)<\/li>\n<li><a href=\"https:\/\/www.lanochedelloro.es\/wp-content\/uploads\/2017\/04\/31aeriMagic.png\">Paret de l\u2019Aeri: Magic stones<\/a><\/li>\n<li><a href=\"https:\/\/www.lanochedelloro.es\/wp-content\/uploads\/2017\/04\/32aeriOlesa.png\">Paret de l\u2019Aeri: Olesa<\/a><\/li>\n<li><a href=\"https:\/\/www.lanochedelloro.es\/wp-content\/uploads\/2017\/04\/33aeriPany.png\">Paret de l\u2019Aeri: Pany-Ferrera y Electric ladyland<\/a><\/li>\n<li><a href=\"https:\/\/www.lanochedelloro.es\/wp-content\/uploads\/2017\/04\/34aeriReencuentros.png\">Paret de l\u2019Aeri: Reencuentros<\/a><\/li>\n<li><a href=\"https:\/\/www.lanochedelloro.es\/wp-content\/uploads\/2017\/04\/35aeriSostres.png\">Paret de l\u2019Aeri: Sostres<\/a><\/li>\n<li><a href=\"https:\/\/www.lanochedelloro.es\/wp-content\/uploads\/2017\/04\/36aeriTrollryggen.png\">Paret de l\u2019Aeri: Trollryggen 90<\/a><\/li>\n<li><a href=\"https:\/\/www.lanochedelloro.es\/wp-content\/uploads\/2017\/04\/37aeriValentin.png\">Paret de l\u2019Aeri: Valent\u00edn Casanovas<\/a><\/li>\n<li><a href=\"https:\/\/www.lanochedelloro.es\/wp-content\/uploads\/2017\/04\/38aeriWave.png\">Paret de l\u2019Aeri: Wave riders<\/a> (D.Brugarolas)<\/li>\n<li><a href=\"https:\/\/www.lanochedelloro.es\/wp-content\/uploads\/2017\/04\/39jeroniAire.png\">Paret de Sant Jeroni: Aire<\/a> (D.Hita)<\/li>\n<li><a href=\"https:\/\/www.lanochedelloro.es\/wp-content\/uploads\/2017\/04\/40jeroniDetritus.png\">Paret de Sant Jeroni: Detritus<\/a> (D.Hita)<\/li>\n<li><a href=\"https:\/\/www.lanochedelloro.es\/wp-content\/uploads\/2017\/04\/41jeroniRiquilda.png\">Paret de Sant Jeroni: El somriure de Riquilda<\/a> (D.Hita)<\/li>\n<li><a href=\"https:\/\/www.lanochedelloro.es\/wp-content\/uploads\/2017\/04\/42jeroniPanxing.png\">Paret de Sant Jeroni: Esper\u00f3 panxing<\/a> (D.Hita)<\/li>\n<li><a href=\"https:\/\/www.lanochedelloro.es\/wp-content\/uploads\/2017\/04\/43jeroniExcelsior.png\">Paret de Sant Jeroni: Excelsior<\/a> (D.Hita)<\/li>\n<li><a href=\"https:\/\/www.lanochedelloro.es\/wp-content\/uploads\/2017\/04\/44jeroniLaura.png\">Paret de Sant Jeroni: Laura Garc\u00eda<\/a> (D.Hita)<\/li>\n<li><a href=\"https:\/\/www.lanochedelloro.es\/wp-content\/uploads\/2017\/04\/45jeroniPimpampum.png\">Paret de Sant Jeroni: Pim, pam, pum<\/a><span style=\"color: #008000;\">!<\/span> (D.Hita)<\/li>\n<li><a href=\"https:\/\/www.lanochedelloro.es\/wp-content\/uploads\/2017\/04\/46jeroniPutrefactum.png\">Paret de Sant Jeroni: Putrefactum<\/a> (D.Hita)<\/li>\n<li><a href=\"https:\/\/www.lanochedelloro.es\/wp-content\/uploads\/2017\/04\/47jeroniSacrilegi.png\">Paret de Sant Jeroni: Sakrilegi<\/a> (D.Hita)<\/li>\n<li><a href=\"https:\/\/www.lanochedelloro.es\/wp-content\/uploads\/2017\/04\/48jeroniSaxia.png\">Paret de Sant Jeroni: Saxia<\/a> (D.Hita)<\/li>\n<li><a href=\"https:\/\/www.lanochedelloro.es\/wp-content\/uploads\/2017\/04\/49jeroniSinuhe.png\">Paret de Sant Jeroni: Sinuh\u00e9<\/a> (D.Hita)<\/li>\n<li><a href=\"https:\/\/www.lanochedelloro.es\/wp-content\/uploads\/2017\/04\/50jeroniXinoxano.png\">Paret de Sant Jeroni: Xino xano<\/a> (D.Hita)<\/li>\n<li><a href=\"https:\/\/www.lanochedelloro.es\/wp-content\/uploads\/2017\/04\/51ceciliaAvantasia.jpg\">Paret de Santa Cecilia: Avantasia<\/a> (D.Hita)<\/li>\n<li><a href=\"https:\/\/www.lanochedelloro.es\/wp-content\/uploads\/2017\/04\/52ceciliaCopfals.jpg\">Paret de Santa Cecilia: Bon cop de fal\u00e7<\/a> (D.Hita)<\/li>\n<li><a href=\"https:\/\/www.lanochedelloro.es\/wp-content\/uploads\/2017\/04\/53ceciliaCarpe.png\">Paret de Santa Cecilia: Carpe diem<\/a> (D.Hita)<\/li>\n<li><a href=\"https:\/\/www.lanochedelloro.es\/wp-content\/uploads\/2017\/04\/54ceciliaCorsari.png\">Paret de Santa Cecilia: Korsari y Princesa<\/a> (D.Hita)<\/li>\n<li><a href=\"https:\/\/www.lanochedelloro.es\/wp-content\/uploads\/2017\/04\/55ceciliaProstibul.png\">Paret de Santa Cecilia: Directa del prost\u00edbul<\/a> (D.Hita)<\/li>\n<li><a href=\"https:\/\/www.lanochedelloro.es\/wp-content\/uploads\/2017\/04\/56ceciliaFar.jpg\">Paret de Santa Cecilia: Far krack y Pina-llumeta<\/a> (D.Hita)<\/li>\n<li><a href=\"https:\/\/www.lanochedelloro.es\/wp-content\/uploads\/2017\/04\/57ceciliaJenna.jpg\">Paret de Santa Cecilia: Jenna Haza<\/a> (D.Hita)<\/li>\n<li><a href=\"https:\/\/www.lanochedelloro.es\/wp-content\/uploads\/2017\/04\/58ceciliaMater.png\">Paret de Santa Cecilia: Mater misericordia<\/a> (D.Hita)<\/li>\n<li><a href=\"https:\/\/www.lanochedelloro.es\/wp-content\/uploads\/2017\/04\/59ceciliaPax.png\">Paret de Santa Cecilia: Pax vobiscum<\/a> (D.Hita)<\/li>\n<li><a href=\"https:\/\/www.lanochedelloro.es\/wp-content\/uploads\/2017\/04\/60ceciliaVox.jpg\">Paret de Santa Cecilia: Vox populi<\/a> (D.Hita)<\/li>\n<li><a href=\"https:\/\/www.lanochedelloro.es\/wp-content\/uploads\/2017\/04\/61llastrotGuillotina.png\">Paret del Llastrot: La guillotina y Diedrasso<\/a> (D.Hita)<\/li>\n<li><a href=\"https:\/\/www.lanochedelloro.es\/wp-content\/uploads\/2017\/04\/62diablesArcoiris.png\">Paret dels Diables: Arco iris<\/a><\/li>\n<li><a href=\"https:\/\/www.lanochedelloro.es\/wp-content\/uploads\/2017\/04\/63diablesCiencia.png\">Paret dels Diables: Ciencia ficci\u00f3n<\/a><\/li>\n<li><a href=\"https:\/\/www.lanochedelloro.es\/wp-content\/uploads\/2017\/04\/64diablesCosmica.png\">Paret dels Diables: C\u00f3smica<\/a> (J.M.Porta)<\/li>\n<li><a href=\"https:\/\/www.lanochedelloro.es\/wp-content\/uploads\/2017\/04\/65diablesFlip.png\">Paret dels Diables: Flip matinal<\/a><\/li>\n<li><a href=\"https:\/\/www.lanochedelloro.es\/wp-content\/uploads\/2017\/04\/66diablesGam.png\">Paret dels Diables: GAM<\/a><\/li>\n<li><a href=\"https:\/\/www.lanochedelloro.es\/wp-content\/uploads\/2017\/04\/66diablesHurtado.png\">Paret dels Diables: Hurtado-Carbonell<\/a><\/li>\n<li><a href=\"https:\/\/www.lanochedelloro.es\/wp-content\/uploads\/2017\/04\/67diablesHurtadolib.jpg\">Paret dels Diables: Hurtado-Carbonell (en libre)<\/a> (F.Guerrero)<\/li>\n<li><a href=\"https:\/\/www.lanochedelloro.es\/wp-content\/uploads\/2018\/07\/4diablesIndirecta.jpg\">Paret dels Diables: Indirecta<\/a> (C.D\u00edaz)<\/li>\n<li><a href=\"https:\/\/www.lanochedelloro.es\/wp-content\/uploads\/2017\/04\/68diablesLibertad.png\">Paret dels Diables: Libertad provisional<\/a><\/li>\n<li><a href=\"https:\/\/www.lanochedelloro.es\/wp-content\/uploads\/2017\/04\/69diablesSanchez.png\">Paret dels Diables: S\u00e1nchez-Mart\u00ednez<\/a><\/li>\n<li><a href=\"https:\/\/www.lanochedelloro.es\/wp-content\/uploads\/2017\/04\/70diablesSendero.png\">Paret dels Diables: Sendero luminoso<\/a><\/li>\n<li><a href=\"https:\/\/www.lanochedelloro.es\/wp-content\/uploads\/2017\/04\/71diablesScherezade.png\">Paret dels Diables: Sherezade<\/a><\/li>\n<li><a href=\"https:\/\/www.lanochedelloro.es\/wp-content\/uploads\/2017\/04\/72diablesVilanovins.png\">Paret dels Diables: Vilanovins<\/a><\/li>\n<li><a href=\"https:\/\/www.lanochedelloro.es\/wp-content\/uploads\/2017\/04\/73diablesEsquena.png\">Paret dels Diables\/Serrat de les Once: L\u2019esquena del diable<\/a><\/li>\n<li><a href=\"https:\/\/www.lanochedelloro.es\/wp-content\/uploads\/2017\/04\/74patriarquesAlfanhui.png\">Paret dels Patriarques: Alfanhu\u00ed<\/a><\/li>\n<li><a href=\"https:\/\/www.lanochedelloro.es\/wp-content\/uploads\/2017\/04\/75patriarquesCarrilet.png\">Paret dels Patriarques: Carrilet 2000<\/a><\/li>\n<li><a href=\"https:\/\/www.lanochedelloro.es\/wp-content\/uploads\/2017\/04\/76patriarquesCobo.png\">Paret dels Patriarques: Cobo-Pamplona<\/a><\/li>\n<li><a href=\"https:\/\/www.lanochedelloro.es\/wp-content\/uploads\/2017\/04\/77patriarquesManyos.png\">Paret dels Patriarques: Manyos-Casanovas<\/a><\/li>\n<li><a href=\"https:\/\/www.lanochedelloro.es\/wp-content\/uploads\/2017\/04\/78patriarquesRocco.png\">Paret dels Patriarques: Rocco Hita i Garcia<\/a> (D.Hita)<\/li>\n<li><a href=\"https:\/\/www.lanochedelloro.es\/wp-content\/uploads\/2017\/04\/79patriarquesSabadell.png\">Paret dels Patriarques: Sabadell<\/a><\/li>\n<li><a href=\"https:\/\/www.lanochedelloro.es\/wp-content\/uploads\/2017\/04\/80patriarquesTabor.jpg\">Paret dels Patriarques: T\u00e0bor<\/a><\/li>\n<li><a href=\"https:\/\/www.lanochedelloro.es\/wp-content\/uploads\/2017\/04\/81patriarquesTempete.png\">Paret dels Patriarques: Temp\u00eate<\/a> (D.Hita)<\/li>\n<li><a href=\"https:\/\/www.lanochedelloro.es\/wp-content\/uploads\/2017\/04\/82patriarquesVagabundos.png\">Paret dels Patriarques: Vagabundos del dharma<\/a><\/li>\n<li><a href=\"https:\/\/www.lanochedelloro.es\/wp-content\/uploads\/2017\/04\/83patriarquesVarias.png\">Paret dels Patriarques: Varias<\/a> (D.Hita)<\/li>\n<li><a href=\"https:\/\/www.lanochedelloro.es\/wp-content\/uploads\/2021\/01\/1MonyesMap.jpg\">Plaques del Monyes (T.Jim\u00e9nez) (mapa)<\/a> <a href=\"https:\/\/www.lanochedelloro.es\/wp-content\/uploads\/2021\/01\/2MonyesRese.jpg\">(rese\u00f1a)<\/a><\/li>\n<li><a href=\"https:\/\/www.lanochedelloro.es\/wp-content\/uploads\/2017\/04\/84solitudChocho.png\">Punta Sol.litud: Chocho peludo<\/a> (D.Hita)<\/li>\n<li><a href=\"https:\/\/www.lanochedelloro.es\/wp-content\/uploads\/2017\/04\/85ampollaLlibertat.jpg\">Roca de l\u2019Ampolla: Llibertat perp\u00e8tua<\/a> (A.Mas\u00f3)<\/li>\n<li><a href=\"https:\/\/www.lanochedelloro.es\/wp-content\/uploads\/2017\/04\/86mcamellFittipaldis.jpg\">Roca de la Miranda del Camell: Fittipaldis<\/a> (A.Mas\u00f3)<\/li>\n<li><a href=\"https:\/\/www.lanochedelloro.es\/wp-content\/uploads\/2018\/07\/5ducBoira.jpg\">Roques del Duc: Boira<\/a><\/li>\n<li><a href=\"https:\/\/www.lanochedelloro.es\/wp-content\/uploads\/2017\/04\/88ducBlasi.png\">Roques del Duc: Blasi-Ort\u00edz<\/a> (R.Blasi)<\/li>\n<li><a href=\"https:\/\/www.lanochedelloro.es\/wp-content\/uploads\/2017\/04\/89ducIndi.png\">Roques del Duc: L\u2019indi solitari<\/a> (J.Vidal)<\/li>\n<li><a href=\"https:\/\/www.lanochedelloro.es\/wp-content\/uploads\/2017\/04\/90ducNokturna.png\">Roques del Duc: Nokturna<\/a> (D.Hita)<\/li>\n<li><a href=\"https:\/\/www.lanochedelloro.es\/wp-content\/uploads\/2017\/04\/91smoroCasas.png\">Serrat del Moro: Casas-Chani<\/a><\/li>\n<li><a href=\"https:\/\/www.lanochedelloro.es\/wp-content\/uploads\/2017\/04\/92smoroSanchez.png\">Serrat del Moro: Esper\u00f3 S\u00e1nchez<\/a><\/li>\n<li><a href=\"https:\/\/www.lanochedelloro.es\/wp-content\/uploads\/2017\/04\/93smoroArmengol.png\">Serrat del Moro: Joan Armengol<\/a><\/li>\n<li><a href=\"https:\/\/www.lanochedelloro.es\/wp-content\/uploads\/2017\/04\/94smoroArmengolfoto.jpg\">Serrat del Moro: Joan Armengol (foto)<\/a><\/li>\n<li><a href=\"https:\/\/www.lanochedelloro.es\/wp-content\/uploads\/2017\/04\/95smoroJordi.png\">Serrat del Moro: Jordi-Matas<\/a><\/li>\n<li><a href=\"https:\/\/www.lanochedelloro.es\/wp-content\/uploads\/2017\/04\/96smoroAngel.png\">Serrat del Moro: L\u2019angel de la dansa<\/a><\/li>\n<li><a href=\"https:\/\/www.lanochedelloro.es\/wp-content\/uploads\/2017\/04\/97smoroMas.png\">Serrat del Moro: Mas-Brullet<\/a><\/li>\n<li><a href=\"https:\/\/www.lanochedelloro.es\/wp-content\/uploads\/2017\/04\/98smoroNasti.png\">Serrat del Moro: Nasti de plasti<\/a><\/li>\n<li><a href=\"https:\/\/www.lanochedelloro.es\/wp-content\/uploads\/2017\/04\/99smoroRatafiat.png\">Serrat del Moro: Rataf\u00efat<\/a> (A.Ballart)<\/li>\n<li><a href=\"https:\/\/www.lanochedelloro.es\/wp-content\/uploads\/2017\/04\/100smoroRosso.png\">Serrat del Moro: Rosso<\/a><\/li>\n<\/ul>\n","protected":false},"excerpt":{"rendered":"<p>Cavall Bernat: Anglada-Guillam\u00f3n Cavall Bernat: Desir\u00e9e Cavall Bernat: Xavier Rabat (Chapi) Cavall Bernat: P\u00e9rez-Verg\u00e9s1 Cavall Bernat: P\u00e9rez-Verg\u00e9s2 (P.Forts) Cavall Bernat: Puigmal Cavall Bernat: Punsola-Reniu Cavall Bernat: Grau-Tarrag\u00f3 (P.Forts) Chimenea Hermes-Gildo (G.Folch) El camell: Ca\u00e7ador de balenes (J.Vidal) El Gegant Encantat: Whiskeria (P.Forts) Escletxa dels Teixos: Palma-Hita (D.Hita) Ganivet de Diables: Leticia Sabater (D.Hita) Ganivet de &hellip; <a href=\"https:\/\/www.lanochedelloro.es\/index.php\/sant-jeroni\/\" class=\"more-link\">Seguir leyendo <span class=\"screen-reader-text\">SANT JERONI<\/span> <span class=\"meta-nav\">&rarr;<\/span><\/a><\/p>\n","protected":false},"author":1,"featured_media":4476,"parent":0,"menu_order":0,"comment_status":"closed","ping_status":"closed","template":"","meta":{"footnotes":""},"class_list":["post-266","page","type-page","status-publish","has-post-thumbnail","hentry"],"_links":{"self":[{"href":"https:\/\/www.lanochedelloro.es\/index.php\/wp-json\/wp\/v2\/pages\/266","targetHints":{"allow":["GET"]}}],"collection":[{"href":"https:\/\/www.lanochedelloro.es\/index.php\/wp-json\/wp\/v2\/pages"}],"about":[{"href":"https:\/\/www.lanochedelloro.es\/index.php\/wp-json\/wp\/v2\/types\/page"}],"author":[{"embeddable":true,"href":"https:\/\/www.lanochedelloro.es\/index.php\/wp-json\/wp\/v2\/users\/1"}],"replies":[{"embeddable":true,"href":"https:\/\/www.lanochedelloro.es\/index.php\/wp-json\/wp\/v2\/comments?post=266"}],"version-history":[{"count":8,"href":"https:\/\/www.lanochedelloro.es\/index.php\/wp-json\/wp\/v2\/pages\/266\/revisions"}],"predecessor-version":[{"id":5051,"href":"https:\/\/www.lanochedelloro.es\/index.php\/wp-json\/wp\/v2\/pages\/266\/revisions\/5051"}],"wp:featuredmedia":[{"embeddable":true,"href":"https:\/\/www.lanochedelloro.es\/index.php\/wp-json\/wp\/v2\/media\/4476"}],"wp:attachment":[{"href":"https:\/\/www.lanochedelloro.es\/index.php\/wp-json\/wp\/v2\/media?parent=266"}],"curies":[{"name":"wp","href":"https:\/\/api.w.org\/{rel}","templated":true}]}}