{"id":256,"date":"2016-12-20T11:31:29","date_gmt":"2016-12-20T11:31:29","guid":{"rendered":"http:\/\/www.lanochedelloro.es\/?page_id=256"},"modified":"2019-12-02T18:27:48","modified_gmt":"2019-12-02T18:27:48","slug":"cara-sur","status":"publish","type":"page","link":"https:\/\/www.lanochedelloro.es\/index.php\/cara-sur\/","title":{"rendered":"CARA SUR"},"content":{"rendered":"<ul>\n<li><a href=\"https:\/\/www.lanochedelloro.es\/wp-content\/uploads\/2019\/02\/1cansolaHisterica.jpg\">Bauma de Can Sol\u00e0: La Hist\u00e9rica<\/a> (Gen\u00eds)<\/li>\n<li><a href=\"https:\/\/www.lanochedelloro.es\/wp-content\/uploads\/2019\/02\/2cansolaParana.jpg\">Bauma de Can Sol\u00e0: Paranadapalmada<\/a> (Gen\u00eds)<\/li>\n<\/ul>\n","protected":false},"excerpt":{"rendered":"<p>Bauma de Can Sol\u00e0: La Hist\u00e9rica (Gen\u00eds) Bauma de Can Sol\u00e0: Paranadapalmada (Gen\u00eds)<\/p>\n","protected":false},"author":1,"featured_media":4471,"parent":0,"menu_order":0,"comment_status":"closed","ping_status":"closed","template":"","meta":{"footnotes":""},"class_list":["post-256","page","type-page","status-publish","has-post-thumbnail","hentry"],"_links":{"self":[{"href":"https:\/\/www.lanochedelloro.es\/index.php\/wp-json\/wp\/v2\/pages\/256","targetHints":{"allow":["GET"]}}],"collection":[{"href":"https:\/\/www.lanochedelloro.es\/index.php\/wp-json\/wp\/v2\/pages"}],"about":[{"href":"https:\/\/www.lanochedelloro.es\/index.php\/wp-json\/wp\/v2\/types\/page"}],"author":[{"embeddable":true,"href":"https:\/\/www.lanochedelloro.es\/index.php\/wp-json\/wp\/v2\/users\/1"}],"replies":[{"embeddable":true,"href":"https:\/\/www.lanochedelloro.es\/index.php\/wp-json\/wp\/v2\/comments?post=256"}],"version-history":[{"count":2,"href":"https:\/\/www.lanochedelloro.es\/index.php\/wp-json\/wp\/v2\/pages\/256\/revisions"}],"predecessor-version":[{"id":4143,"href":"https:\/\/www.lanochedelloro.es\/index.php\/wp-json\/wp\/v2\/pages\/256\/revisions\/4143"}],"wp:featuredmedia":[{"embeddable":true,"href":"https:\/\/www.lanochedelloro.es\/index.php\/wp-json\/wp\/v2\/media\/4471"}],"wp:attachment":[{"href":"https:\/\/www.lanochedelloro.es\/index.php\/wp-json\/wp\/v2\/media?parent=256"}],"curies":[{"name":"wp","href":"https:\/\/api.w.org\/{rel}","templated":true}]}}